{"id":6653,"date":"2025-12-11T16:23:07","date_gmt":"2025-12-11T20:23:07","guid":{"rendered":"https:\/\/sunrype.ca\/?post_type=product&#038;p=6653"},"modified":"2026-02-19T14:43:54","modified_gmt":"2026-02-19T18:43:54","slug":"collations-de-fruits-biologiques","status":"publish","type":"product","link":"https:\/\/staging-sunrype.lassonde.net\/fr\/nos-produits\/collations-de-fruits-biologiques\/","title":{"rendered":"SunRype Biologique"},"content":{"rendered":"<section class=\"products-carousel-block theme-block alignfull\">\n  <div class=\"products-carousel-block__columns\">\n    <div class=\"products-carousel-block__columns__col products-carousel-block__columns__col--aside\">\n      <h2 class=\"products-carousel-block__title\">Bouch\u00e9es de fruits biologiques<\/h2>\n              <div class=\"products-carousel-block__text\"><p class=\"styles__Root-sc-1myek4t-0 kjYVax sc-ctqRej jEVmds styles__Root-sc-15iyh5a-0 hLHizP\">D\u00e9licieuses collations de fruits \u00e0 100% au bon go\u00fbt de fruits juteux, cr\u00e9es \u00e0 partir d&rsquo;ingr\u00e9dients biologiques simples.<\/p>\n<\/div>\n            <a href='\/fr\/nos-produits\/?_product_brand=sunrype-biologique' class=\"btn cta-btn\">Trouvez votre saveur<\/a>    <\/div>\n    <div class=\"products-carousel-block__columns__col products-carousel-block__columns__col--main\">\n        <div class=\"products-carousel-wrapper\">\n    <div class=\"products-carousel swiper\">\n      <div class=\"swiper-wrapper\">\n                            <div class=\"swiper-slide products-carousel__item\">\n            <a class=\"products-carousel__item__link\"\n               href=\"https:\/\/staging-sunrype.lassonde.net\/fr\/nos-produits\/collations-de-fruits-biologiques\/pomme-bleuet\/carton-6-x-18g\/\"\n               data-product-name=\"POMME BLEUET\"\n               data-product-category=\"SunRype Biologique\"\n               data-product-size=\"6 x 18g\">\n              <div class=\"products-carousel__item__thumbnail-wrapper\">\n                <div class=\"products-carousel__item__thumbnail\">\n                  <img decoding=\"async\" src=\"https:\/\/staging-sunrype.lassonde.net\/wp-content\/uploads\/pl\/products\/FR_057961133087_7912.png\" alt=\"SunRype Biologique POMME BLEUET Carton 6 x 18g\" title=\"\">\n                <\/div>\n              <\/div>\n              <div class=\"products-carousel__item__title-wrapper\">\n                <p class=\"products-carousel__item__title\">POMME BLEUET<\/p>\n                <div class=\"icon-arrow-wrapper\">\n  <svg class=\"arrow-icon\" xmlns=\"http:\/\/www.w3.org\/2000\/svg\", width=\"28\", height=\"24\", viewBox=\"0 0 28 24\">\n    <g fill=\"none\" stroke=\"#2175FF\" stroke-width=\"2\", stroke-linejoin=\"round\", stroke-miterlimit=\"10\">\n      <circle class=\"arrow-icon--circle\" cx=\"12\", cy=\"12\", r=\"11.12\"><\/circle>\n      <polygon class=\"arrow-icon--arrow\" points=\"0 -5.06261699e-14 4.714 4.532 0 9.062 3.285 9.062 8 4.532 3.285 -5.06261699e-14\"><\/polygon>\n    <\/g>\n  <\/svg>\n<\/div>\n              <\/div>\n            <\/a>\n          <\/div>\n                            <div class=\"swiper-slide products-carousel__item\">\n            <a class=\"products-carousel__item__link\"\n               href=\"https:\/\/staging-sunrype.lassonde.net\/fr\/nos-produits\/collations-de-fruits-biologiques\/carton-saveurs-assorties-pomme-mangue-pomme-baies\/carton-8-x-14g\/\"\n               data-product-name=\"CARTON SAVEURS ASSORTIES (POMME MANGUE\/POMME BAIES)\"\n               data-product-category=\"SunRype Biologique\"\n               data-product-size=\"8 X 14g\">\n              <div class=\"products-carousel__item__thumbnail-wrapper\">\n                <div class=\"products-carousel__item__thumbnail\">\n                  <img decoding=\"async\" src=\"https:\/\/staging-sunrype.lassonde.net\/wp-content\/uploads\/pl\/products\/FR_061522035215_8462.png\" alt=\"SunRype Biologique CARTON SAVEURS ASSORTIES (POMME MANGUE\/POMME BAIES) Carton 8 X 14g\" title=\"\">\n                <\/div>\n              <\/div>\n              <div class=\"products-carousel__item__title-wrapper\">\n                <p class=\"products-carousel__item__title\">CARTON SAVEURS ASSORTIES (POMME MANGUE\/POMME BAIES)<\/p>\n                <div class=\"icon-arrow-wrapper\">\n  <svg class=\"arrow-icon\" xmlns=\"http:\/\/www.w3.org\/2000\/svg\", width=\"28\", height=\"24\", viewBox=\"0 0 28 24\">\n    <g fill=\"none\" stroke=\"#2175FF\" stroke-width=\"2\", stroke-linejoin=\"round\", stroke-miterlimit=\"10\">\n      <circle class=\"arrow-icon--circle\" cx=\"12\", cy=\"12\", r=\"11.12\"><\/circle>\n      <polygon class=\"arrow-icon--arrow\" points=\"0 -5.06261699e-14 4.714 4.532 0 9.062 3.285 9.062 8 4.532 3.285 -5.06261699e-14\"><\/polygon>\n    <\/g>\n  <\/svg>\n<\/div>\n              <\/div>\n            <\/a>\n          <\/div>\n                            <div class=\"swiper-slide products-carousel__item\">\n            <a class=\"products-carousel__item__link\"\n               href=\"https:\/\/staging-sunrype.lassonde.net\/fr\/nos-produits\/collations-de-fruits-biologiques\/pomme-fraise\/carton-6-x-18g\/\"\n               data-product-name=\"POMME FRAISE\"\n               data-product-category=\"SunRype Biologique\"\n               data-product-size=\"6 x 18g\">\n              <div class=\"products-carousel__item__thumbnail-wrapper\">\n                <div class=\"products-carousel__item__thumbnail\">\n                  <img decoding=\"async\" src=\"https:\/\/staging-sunrype.lassonde.net\/wp-content\/uploads\/pl\/products\/FR_057961133094_7911.png\" alt=\"SunRype Biologique POMME FRAISE Carton 6 x 18g\" title=\"\">\n                <\/div>\n              <\/div>\n              <div class=\"products-carousel__item__title-wrapper\">\n                <p class=\"products-carousel__item__title\">POMME FRAISE<\/p>\n                <div class=\"icon-arrow-wrapper\">\n  <svg class=\"arrow-icon\" xmlns=\"http:\/\/www.w3.org\/2000\/svg\", width=\"28\", height=\"24\", viewBox=\"0 0 28 24\">\n    <g fill=\"none\" stroke=\"#2175FF\" stroke-width=\"2\", stroke-linejoin=\"round\", stroke-miterlimit=\"10\">\n      <circle class=\"arrow-icon--circle\" cx=\"12\", cy=\"12\", r=\"11.12\"><\/circle>\n      <polygon class=\"arrow-icon--arrow\" points=\"0 -5.06261699e-14 4.714 4.532 0 9.062 3.285 9.062 8 4.532 3.285 -5.06261699e-14\"><\/polygon>\n    <\/g>\n  <\/svg>\n<\/div>\n              <\/div>\n            <\/a>\n          <\/div>\n              <\/div>\n    <\/div>\n    <div class=\"products-carousel__navigation\">\n      <div class=\"swiper-pagination\"><\/div>\n      <div class=\"swiper-button-prev\"><\/div>\n      <div class=\"swiper-button-next\"><\/div>\n    <\/div>\n  <\/div>\n      <\/div>\n  <\/div>\n<\/section>\n\n\n  <section class=\"columns-carousel-block theme-block alignfull style--color_background\">\n    <div class=\"columns-carousel-block__inner container\">\n              <h2 class=\"columns-carousel-block__title has-text-align-center\">Savourez le bon go\u00fbt de la simplicit\u00e9<\/h2>\n                  <div class=\"columns-carousel swiper\">\n        <div class=\"swiper-wrapper\">\n                      <div class=\"columns-carousel__item-wrapper swiper-slide\">\n              <div class=\"columns-carousel__item\">                                  <div class=\"columns-carousel__item__thumbnail-wrapper\">\n                    <div class=\"columns-carousel__item__thumbnail\" style=\"background-image: url(https:\/\/staging-sunrype.lassonde.net\/wp-content\/uploads\/2023\/08\/img-crest_FR.jpg);\"><\/div>\n                  <\/div>\n                                <h3 class=\"columns-carousel__item__title heading-size-4\"> Certifi\u00e9 biologique<\/h3>\n                                  <div class=\"columns-carousel__item__text\"><p class=\"styles__Root-sc-1myek4t-0 kjYVax sc-gSQGeZ kaBEne styles__Root-sc-15iyh5a-0 hLHizP\" style=\"text-align: center\">\u00a0La satistaction de savoir que ces bouch\u00e9es juteuses sont conformes aux normes canadiennes de certification biologique.<\/p>\n<\/div>\n                              <\/div>            <\/div>\n                      <div class=\"columns-carousel__item-wrapper swiper-slide\">\n              <div class=\"columns-carousel__item\">                                  <div class=\"columns-carousel__item__thumbnail-wrapper\">\n                    <div class=\"columns-carousel__item__thumbnail\" style=\"background-image: url(https:\/\/staging-sunrype.lassonde.net\/wp-content\/uploads\/2023\/08\/83561-001-057961133087.jpg);\"><\/div>\n                  <\/div>\n                                <h3 class=\"columns-carousel__item__title heading-size-4\"> 100% Fruits<\/h3>\n                                  <div class=\"columns-carousel__item__text\"><p class=\"styles__Root-sc-1myek4t-0 kjYVax sc-gSQGeZ kaBEne styles__Root-sc-15iyh5a-0 hLHizP\" style=\"text-align: center\">\u00a0Faites de vrais fruits \u00e0 100% avec des saveurs qui feront naturellement votre bonheur. Aucun colorant ou saveur artificielle ici.<\/p>\n<\/div>\n                              <\/div>            <\/div>\n                      <div class=\"columns-carousel__item-wrapper swiper-slide\">\n              <div class=\"columns-carousel__item\">                                  <div class=\"columns-carousel__item__thumbnail-wrapper\">\n                    <div class=\"columns-carousel__item__thumbnail\" style=\"background-image: url(https:\/\/staging-sunrype.lassonde.net\/wp-content\/uploads\/2023\/08\/anna-kaminova-TyXm6yXY3EQ-unsplash.jpeg);\"><\/div>\n                  <\/div>\n                                <h3 class=\"columns-carousel__item__title heading-size-4\"> Fi\u00e8rement canadien<\/h3>\n                                  <div class=\"columns-carousel__item__text\"><p class=\"styles__Root-sc-1myek4t-0 kjYVax sc-gSQGeZ kaBEne styles__Root-sc-15iyh5a-0 hLHizP\" style=\"text-align: center\">\u00a0De marque fi\u00e8rement canadienne, nous croyons que la simplicit\u00e9 des ingr\u00e9dients engendre des produits d\u00e9licieux.<\/p>\n<\/div>\n                              <\/div>            <\/div>\n                  <\/div>\n      <\/div>\n    <\/div>\n    <div class=\"columns-carousel__navigation\">\n      <div class=\"swiper-button-prev\"><\/div>\n      <div class=\"swiper-button-next\"><\/div>\n      <div class=\"swiper-pagination\"><\/div>\n    <\/div>\n  <\/section>\n  \n\n\n<div class=\"wp-block-media-text alignwide is-stacked-on-mobile has-background\" style=\"background-color:#02a5d81a\"><figure class=\"wp-block-media-text__media\"><img decoding=\"async\" width=\"819\" height=\"1024\" src=\"https:\/\/sunrype.wpbeta.vortexdev.com\/wp-content\/uploads\/2023\/08\/83681-008-Fruit_Bites-1-819x1024.png\" alt=\"\" class=\"wp-image-3824 size-full\" title=\"\" srcset=\"https:\/\/staging-sunrype.lassonde.net\/wp-content\/uploads\/2023\/08\/83681-008-Fruit_Bites-1-819x1024.png 819w, https:\/\/staging-sunrype.lassonde.net\/wp-content\/uploads\/2023\/08\/83681-008-Fruit_Bites-1-240x300.png 240w, https:\/\/staging-sunrype.lassonde.net\/wp-content\/uploads\/2023\/08\/83681-008-Fruit_Bites-1-768x960.png 768w, https:\/\/staging-sunrype.lassonde.net\/wp-content\/uploads\/2023\/08\/83681-008-Fruit_Bites-1.png 1080w\" sizes=\"(max-width: 819px) 100vw, 819px\" \/><\/figure><div class=\"wp-block-media-text__content\">\n<h2 class=\"wp-block-heading\"><strong><strong><strong><strong>Grignoter bio en toute simplicit\u00e9<\/strong><\/strong><\/strong><\/strong><\/h2>\n\n\n\n<p>Ces collations biologiques de fruits \u00e0 100% ont \u00e9t\u00e9 cr\u00e9es pour le plaisir de tous. Emball\u00e9es en sachets individuels savoureux, ces bouch\u00e9es de fruits sont un choix pratique pour la bo\u00eete \u00e0 lunch, les collations apr\u00e8s l&rsquo;\u00e9cole, les voyages en voiture, les pique-niques et bien plus encore.<\/p>\n\n\n\n<ul class=\"wp-block-list\">\n<li>Bouch\u00e9es de fruits \u00e0 100%<\/li>\n\n\n\n<li>Certifi\u00e9 biologique<\/li>\n\n\n\n<li>Sans gluten, sans noix, v\u00e9g\u00e9talien<\/li>\n\n\n\n<li>Sans colorants ni ar\u00f4mes artificiels<\/li>\n\n\n\n<li>Sans agents de conservation<\/li>\n\n\n\n<li>Formes amusantes d&rsquo;\u00e9toile et de lune<\/li>\n<\/ul>\n\n\n\n<div class=\"wp-block-buttons is-layout-flex wp-block-buttons-is-layout-flex\">\n<div class=\"wp-block-button\"><a class=\"wp-block-button__link wp-element-button\" href=\"https:\/\/staging-sunrype.lassonde.net\/fr\/nos-produits\/?_product_brand=sunrype-biologique\">Trouvez votre saveur<\/a><\/div>\n<\/div>\n<\/div><\/div>\n\n\n<section class=\"coupons-block theme-block aligndefault coupons-block--ctheme-04 style-gradient title-size-normal\">\n  <div class=\"coupons-content\">\n          <h2 class=\"coupons-title\">Trouvez votre accord collation parfait<\/h2>\n              <p class=\"coupons-subtitle\"> Explorez notre jus de pomme!<\/p>\n              <a class=\"btn--white cta-btn\" href=\"\/fr\/nos-produits\/jus-de-pomme-pur\/\" target=\"\">D\u00e9couvrez-les ici<\/a>\n      <\/div>\n      <div class=\"coupons-img\">\n      <img decoding=\"async\" src=\"https:\/\/staging-sunrype.lassonde.net\/wp-content\/uploads\/2023\/08\/img-applejuice_FR.png\" alt=\"\" title=\"\">\n    <\/div>\n  <\/section>\n\n\n\n<p><\/p>\n","protected":false},"excerpt":{"rendered":"","protected":false},"author":9,"featured_media":0,"parent":0,"comment_status":"open","ping_status":"closed","template":"","class_list":["post-6653","product","type-product","status-publish","hentry"],"acf":[],"_links":{"self":[{"href":"https:\/\/staging-sunrype.lassonde.net\/fr\/wp-json\/wp\/v2\/product\/6653","targetHints":{"allow":["GET"]}}],"collection":[{"href":"https:\/\/staging-sunrype.lassonde.net\/fr\/wp-json\/wp\/v2\/product"}],"about":[{"href":"https:\/\/staging-sunrype.lassonde.net\/fr\/wp-json\/wp\/v2\/types\/product"}],"author":[{"embeddable":true,"href":"https:\/\/staging-sunrype.lassonde.net\/fr\/wp-json\/wp\/v2\/users\/9"}],"replies":[{"embeddable":true,"href":"https:\/\/staging-sunrype.lassonde.net\/fr\/wp-json\/wp\/v2\/comments?post=6653"}],"version-history":[{"count":11,"href":"https:\/\/staging-sunrype.lassonde.net\/fr\/wp-json\/wp\/v2\/product\/6653\/revisions"}],"predecessor-version":[{"id":7111,"href":"https:\/\/staging-sunrype.lassonde.net\/fr\/wp-json\/wp\/v2\/product\/6653\/revisions\/7111"}],"wp:attachment":[{"href":"https:\/\/staging-sunrype.lassonde.net\/fr\/wp-json\/wp\/v2\/media?parent=6653"}],"curies":[{"name":"wp","href":"https:\/\/api.w.org\/{rel}","templated":true}]}}