{"id":465,"date":"2022-06-29T21:49:23","date_gmt":"2022-06-30T01:49:23","guid":{"rendered":"https:\/\/sunrype.ca\/?post_type=product&#038;p=465"},"modified":"2026-03-27T08:34:20","modified_gmt":"2026-03-27T12:34:20","slug":"good-bites","status":"publish","type":"product","link":"https:\/\/staging-sunrype.lassonde.net\/fr\/nos-produits\/good-bites\/","title":{"rendered":"SunRype Good Bites"},"content":{"rendered":"<section class=\"products-carousel-block theme-block alignfull\">\n  <div class=\"products-carousel-block__columns\">\n    <div class=\"products-carousel-block__columns__col products-carousel-block__columns__col--aside\">\n      <h2 class=\"products-carousel-block__title\">Good Bites<\/h2>\n              <div class=\"products-carousel-block__text\"><p class=\"styles__Root-sc-1myek4t-0 kjYVax sc-ctqRej jEVmds styles__Root-sc-15iyh5a-0 hLHizP\">Good Bites apporte une touche de douceur d\u00e9licieuse et r\u00e9confortante \u00e0 chaque pause gourmande.<\/p>\n<\/div>\n            <a href='https:\/\/staging-sunrype.lassonde.net\/fr\/nos-produits\/?_product_brand=sunrype-good-bites' class=\"btn cta-btn\">Trouvez votre saveur<\/a>    <\/div>\n    <div class=\"products-carousel-block__columns__col products-carousel-block__columns__col--main\">\n        <div class=\"products-carousel-wrapper\">\n    <div class=\"products-carousel swiper\">\n      <div class=\"swiper-wrapper\">\n                            <div class=\"swiper-slide products-carousel__item\">\n            <a class=\"products-carousel__item__link\"\n               href=\"https:\/\/staging-sunrype.lassonde.net\/fr\/nos-produits\/good-bites\/noix-de-coco-classiques\/carton-4-x-23g\/\"\n               data-product-name=\"NOIX DE COCO CLASSIQUES\"\n               data-product-category=\"SunRype Good Bites\"\n               data-product-size=\"4 X 23g\">\n              <div class=\"products-carousel__item__thumbnail-wrapper\">\n                <div class=\"products-carousel__item__thumbnail\">\n                  <img decoding=\"async\" src=\"https:\/\/staging-sunrype.lassonde.net\/wp-content\/uploads\/pl\/products\/FR_057961134633_7969.png\" alt=\"SunRype Good Bites NOIX DE COCO CLASSIQUES Carton 4 X 23g\" title=\"\">\n                <\/div>\n              <\/div>\n              <div class=\"products-carousel__item__title-wrapper\">\n                <p class=\"products-carousel__item__title\">NOIX DE COCO CLASSIQUES<\/p>\n                <div class=\"icon-arrow-wrapper\">\n  <svg class=\"arrow-icon\" xmlns=\"http:\/\/www.w3.org\/2000\/svg\", width=\"28\", height=\"24\", viewBox=\"0 0 28 24\">\n    <g fill=\"none\" stroke=\"#2175FF\" stroke-width=\"2\", stroke-linejoin=\"round\", stroke-miterlimit=\"10\">\n      <circle class=\"arrow-icon--circle\" cx=\"12\", cy=\"12\", r=\"11.12\"><\/circle>\n      <polygon class=\"arrow-icon--arrow\" points=\"0 -5.06261699e-14 4.714 4.532 0 9.062 3.285 9.062 8 4.532 3.285 -5.06261699e-14\"><\/polygon>\n    <\/g>\n  <\/svg>\n<\/div>\n              <\/div>\n            <\/a>\n          <\/div>\n                            <div class=\"swiper-slide products-carousel__item\">\n            <a class=\"products-carousel__item__link\"\n               href=\"https:\/\/staging-sunrype.lassonde.net\/fr\/nos-produits\/good-bites\/noix-de-coco-au-citron\/carton-4-x-23g\/\"\n               data-product-name=\"NOIX DE COCO AU CITRON\"\n               data-product-category=\"SunRype Good Bites\"\n               data-product-size=\"4 X 23g\">\n              <div class=\"products-carousel__item__thumbnail-wrapper\">\n                <div class=\"products-carousel__item__thumbnail\">\n                  <img decoding=\"async\" src=\"https:\/\/staging-sunrype.lassonde.net\/wp-content\/uploads\/pl\/products\/FR_057961134640_7968.png\" alt=\"SunRype Good Bites NOIX DE COCO AU CITRON Carton 4 X 23g\" title=\"\">\n                <\/div>\n              <\/div>\n              <div class=\"products-carousel__item__title-wrapper\">\n                <p class=\"products-carousel__item__title\">NOIX DE COCO AU CITRON<\/p>\n                <div class=\"icon-arrow-wrapper\">\n  <svg class=\"arrow-icon\" xmlns=\"http:\/\/www.w3.org\/2000\/svg\", width=\"28\", height=\"24\", viewBox=\"0 0 28 24\">\n    <g fill=\"none\" stroke=\"#2175FF\" stroke-width=\"2\", stroke-linejoin=\"round\", stroke-miterlimit=\"10\">\n      <circle class=\"arrow-icon--circle\" cx=\"12\", cy=\"12\", r=\"11.12\"><\/circle>\n      <polygon class=\"arrow-icon--arrow\" points=\"0 -5.06261699e-14 4.714 4.532 0 9.062 3.285 9.062 8 4.532 3.285 -5.06261699e-14\"><\/polygon>\n    <\/g>\n  <\/svg>\n<\/div>\n              <\/div>\n            <\/a>\n          <\/div>\n                            <div class=\"swiper-slide products-carousel__item\">\n            <a class=\"products-carousel__item__link\"\n               href=\"https:\/\/staging-sunrype.lassonde.net\/fr\/nos-produits\/good-bites\/noix-de-coco-classiques\/printed-film-120-gg\/\"\n               data-product-name=\"NOIX DE COCO CLASSIQUES\"\n               data-product-category=\"SunRype Good Bites\"\n               data-product-size=\"120g\">\n              <div class=\"products-carousel__item__thumbnail-wrapper\">\n                <div class=\"products-carousel__item__thumbnail\">\n                  <img decoding=\"async\" src=\"https:\/\/staging-sunrype.lassonde.net\/wp-content\/uploads\/pl\/products\/FR_057961033486_7889.png\" alt=\"SunRype Good Bites NOIX DE COCO CLASSIQUES Printed Film 120g\" title=\"\">\n                <\/div>\n              <\/div>\n              <div class=\"products-carousel__item__title-wrapper\">\n                <p class=\"products-carousel__item__title\">NOIX DE COCO CLASSIQUES<\/p>\n                <div class=\"icon-arrow-wrapper\">\n  <svg class=\"arrow-icon\" xmlns=\"http:\/\/www.w3.org\/2000\/svg\", width=\"28\", height=\"24\", viewBox=\"0 0 28 24\">\n    <g fill=\"none\" stroke=\"#2175FF\" stroke-width=\"2\", stroke-linejoin=\"round\", stroke-miterlimit=\"10\">\n      <circle class=\"arrow-icon--circle\" cx=\"12\", cy=\"12\", r=\"11.12\"><\/circle>\n      <polygon class=\"arrow-icon--arrow\" points=\"0 -5.06261699e-14 4.714 4.532 0 9.062 3.285 9.062 8 4.532 3.285 -5.06261699e-14\"><\/polygon>\n    <\/g>\n  <\/svg>\n<\/div>\n              <\/div>\n            <\/a>\n          <\/div>\n                            <div class=\"swiper-slide products-carousel__item\">\n            <a class=\"products-carousel__item__link\"\n               href=\"https:\/\/staging-sunrype.lassonde.net\/fr\/nos-produits\/good-bites\/noix-de-coco-au-citron\/printed-film-120gg\/\"\n               data-product-name=\"NOIX DE COCO AU CITRON\"\n               data-product-category=\"SunRype Good Bites\"\n               data-product-size=\"120g\">\n              <div class=\"products-carousel__item__thumbnail-wrapper\">\n                <div class=\"products-carousel__item__thumbnail\">\n                  <img decoding=\"async\" src=\"https:\/\/staging-sunrype.lassonde.net\/wp-content\/uploads\/pl\/products\/FR_057961033493_7890.png\" alt=\"SunRype Good Bites NOIX DE COCO AU CITRON Printed Film 120g\" title=\"\">\n                <\/div>\n              <\/div>\n              <div class=\"products-carousel__item__title-wrapper\">\n                <p class=\"products-carousel__item__title\">NOIX DE COCO AU CITRON<\/p>\n                <div class=\"icon-arrow-wrapper\">\n  <svg class=\"arrow-icon\" xmlns=\"http:\/\/www.w3.org\/2000\/svg\", width=\"28\", height=\"24\", viewBox=\"0 0 28 24\">\n    <g fill=\"none\" stroke=\"#2175FF\" stroke-width=\"2\", stroke-linejoin=\"round\", stroke-miterlimit=\"10\">\n      <circle class=\"arrow-icon--circle\" cx=\"12\", cy=\"12\", r=\"11.12\"><\/circle>\n      <polygon class=\"arrow-icon--arrow\" points=\"0 -5.06261699e-14 4.714 4.532 0 9.062 3.285 9.062 8 4.532 3.285 -5.06261699e-14\"><\/polygon>\n    <\/g>\n  <\/svg>\n<\/div>\n              <\/div>\n            <\/a>\n          <\/div>\n              <\/div>\n    <\/div>\n    <div class=\"products-carousel__navigation\">\n      <div class=\"swiper-pagination\"><\/div>\n      <div class=\"swiper-button-prev\"><\/div>\n      <div class=\"swiper-button-next\"><\/div>\n    <\/div>\n  <\/div>\n      <\/div>\n  <\/div>\n<\/section>\n\n\n  <section class=\"columns-carousel-block theme-block alignfull style--color_background\">\n    <div class=\"columns-carousel-block__inner container\">\n              <h2 class=\"columns-carousel-block__title has-text-align-center\">Soyez bon avec vous-m\u00eame<\/h2>\n                  <div class=\"columns-carousel swiper\">\n        <div class=\"swiper-wrapper\">\n                      <div class=\"columns-carousel__item-wrapper swiper-slide\">\n              <div class=\"columns-carousel__item\">                                  <div class=\"columns-carousel__item__thumbnail-wrapper\">\n                    <div class=\"columns-carousel__item__thumbnail\" style=\"background-image: url(https:\/\/staging-sunrype.lassonde.net\/wp-content\/uploads\/2022\/07\/GB_Image-1.jpg);\"><\/div>\n                  <\/div>\n                                <h3 class=\"columns-carousel__item__title heading-size-4\">Ingr\u00e9dients sains<\/h3>\n                                  <div class=\"columns-carousel__item__text\"><p class=\"styles__Root-sc-1myek4t-0 kjYVax sc-gSQGeZ kaBEne styles__Root-sc-15iyh5a-0 hLHizP\" style=\"text-align: center\"><span style=\"font-weight: 400\">Faites \u00e0 partir avec d&rsquo;ingr\u00e9dients vrais et nutritifs que vous pouvez prononcer, <\/span>comme des c\u00e9r\u00e9ales compl\u00e8tes, des morceaux de fruits et des graines.<\/p>\n<p class=\"styles__Root-sc-1myek4t-0 kjYVax sc-gSQGeZ kaBEne styles__Root-sc-15iyh5a-0 hLHizP\" style=\"text-align: center\"><span style=\"font-weight: 400\">. <\/span><\/p>\n<\/div>\n                              <\/div>            <\/div>\n                      <div class=\"columns-carousel__item-wrapper swiper-slide\">\n              <div class=\"columns-carousel__item\">                                  <div class=\"columns-carousel__item__thumbnail-wrapper\">\n                    <div class=\"columns-carousel__item__thumbnail\" style=\"background-image: url(https:\/\/staging-sunrype.lassonde.net\/wp-content\/uploads\/2022\/06\/Image-6-Good-Bites.jpg);\"><\/div>\n                  <\/div>\n                                <h3 class=\"columns-carousel__item__title heading-size-4\">Formats pratiques<\/h3>\n                                  <div class=\"columns-carousel__item__text\"><p>Des formats \u00e0 partager aux barres emball\u00e9es individuellement, il y en a pour toutes les occasions.<\/p>\n<\/div>\n                              <\/div>            <\/div>\n                      <div class=\"columns-carousel__item-wrapper swiper-slide\">\n              <div class=\"columns-carousel__item\">                                  <div class=\"columns-carousel__item__thumbnail-wrapper\">\n                    <div class=\"columns-carousel__item__thumbnail\" style=\"background-image: url(https:\/\/staging-sunrype.lassonde.net\/wp-content\/uploads\/2022\/06\/Image-7-Good-Bites-V3.jpg);\"><\/div>\n                  <\/div>\n                                <h3 class=\"columns-carousel__item__title heading-size-4\">Des saveurs pour tous les go\u00fbts<\/h3>\n                                  <div class=\"columns-carousel__item__text\"><p>Crumble aux m\u00fbres, pomme-cannelle, coco-citron et plus encore. Le choix parfait pour bien commencer la journ\u00e9e, pour une collation rapide, ou pour savourer une pause gourmande (et nutritif).<\/p>\n<\/div>\n                              <\/div>            <\/div>\n                  <\/div>\n      <\/div>\n    <\/div>\n    <div class=\"columns-carousel__navigation\">\n      <div class=\"swiper-button-prev\"><\/div>\n      <div class=\"swiper-button-next\"><\/div>\n      <div class=\"swiper-pagination\"><\/div>\n    <\/div>\n  <\/section>\n  \n\n\n<div class=\"wp-block-media-text alignwide is-stacked-on-mobile has-background\" style=\"background-color:#efe3fa\"><figure class=\"wp-block-media-text__media\"><img decoding=\"async\" width=\"1024\" height=\"1024\" src=\"https:\/\/staging-sunrype.lassonde.net\/wp-content\/uploads\/2022\/06\/Image-8-Good-Bites-1024x1024.jpg\" alt=\"\" class=\"wp-image-6146 size-full\" title=\"\" srcset=\"https:\/\/staging-sunrype.lassonde.net\/wp-content\/uploads\/2022\/06\/Image-8-Good-Bites-1024x1024.jpg 1024w, https:\/\/staging-sunrype.lassonde.net\/wp-content\/uploads\/2022\/06\/Image-8-Good-Bites-300x300.jpg 300w, https:\/\/staging-sunrype.lassonde.net\/wp-content\/uploads\/2022\/06\/Image-8-Good-Bites-150x150.jpg 150w, https:\/\/staging-sunrype.lassonde.net\/wp-content\/uploads\/2022\/06\/Image-8-Good-Bites-768x768.jpg 768w, https:\/\/staging-sunrype.lassonde.net\/wp-content\/uploads\/2022\/06\/Image-8-Good-Bites-400x400.jpg 400w, https:\/\/staging-sunrype.lassonde.net\/wp-content\/uploads\/2022\/06\/Image-8-Good-Bites-600x600.jpg 600w, https:\/\/staging-sunrype.lassonde.net\/wp-content\/uploads\/2022\/06\/Image-8-Good-Bites.jpg 1080w\" sizes=\"(max-width: 1024px) 100vw, 1024px\" \/><\/figure><div class=\"wp-block-media-text__content\">\n<h2 class=\"wp-block-heading\"><strong><strong>Plein de bonnes choses dans chaque bouch\u00e9e<\/strong><\/strong><\/h2>\n\n\n\n<p>Chez SunRype, nous mettons en valeur le bon go\u00fbt des ingr\u00e9dients simples. Nos collations Good Bite sont pr\u00e9par\u00e9es \u00e0 partir d&rsquo;ingr\u00e9dients simples et sains, comme l&rsquo;avoine, les graines et la noix de coco.<\/p>\n\n\n\n<ul class=\"wp-block-list\">\n<li>Sans gluten, sans noix, sans produits laitiers, v\u00e9g\u00e9talien<\/li>\n\n\n\n<li>Sans colorants ni ar\u00f4mes artificiels<\/li>\n\n\n\n<li>Sans agents de conservation<\/li>\n\n\n\n<li>Source de fibres, de magn\u00e9sium et d&rsquo;acides gras polyinsatur\u00e9s om\u00e9ga-3<\/li>\n\n\n\n<li>Casher<\/li>\n<\/ul>\n\n\n\n<div class=\"wp-block-buttons is-layout-flex wp-block-buttons-is-layout-flex\">\n<div class=\"wp-block-button\"><a class=\"wp-block-button__link wp-element-button\" href=\"https:\/\/staging-sunrype.lassonde.net\/fr\/nos-produits\/?_product_brand=sunrype-good-bites\">Trouvez votre saveur<\/a><\/div>\n<\/div>\n<\/div><\/div>\n\n\n<section class=\"coupons-block theme-block aligndefault coupons-block--ctheme-03 style-gradient title-size-normal\">\n  <div class=\"coupons-content\">\n          <h2 class=\"coupons-title\">Trouvez le breuvage parfait pour accompagner votre collation<\/h2>\n              <p class=\"coupons-subtitle\">Explorez nos produits Slim!<\/p>\n              <a class=\"btn--white cta-btn\" href=\"https:\/\/staging-sunrype.lassonde.net\/fr\/nos-produits\/slim\/\" target=\"\">Trouvez votre saveur<\/a>\n      <\/div>\n      <div class=\"coupons-img\">\n      <img decoding=\"async\" src=\"https:\/\/staging-sunrype.lassonde.net\/wp-content\/uploads\/2022\/06\/CTAbanner-GoodBites_Slim_FR.png\" alt=\"\" title=\"\">\n    <\/div>\n  <\/section>\n","protected":false},"excerpt":{"rendered":"","protected":false},"author":10,"featured_media":2792,"parent":0,"comment_status":"closed","ping_status":"closed","template":"","class_list":["post-465","product","type-product","status-publish","has-post-thumbnail","hentry"],"acf":[],"_links":{"self":[{"href":"https:\/\/staging-sunrype.lassonde.net\/fr\/wp-json\/wp\/v2\/product\/465","targetHints":{"allow":["GET"]}}],"collection":[{"href":"https:\/\/staging-sunrype.lassonde.net\/fr\/wp-json\/wp\/v2\/product"}],"about":[{"href":"https:\/\/staging-sunrype.lassonde.net\/fr\/wp-json\/wp\/v2\/types\/product"}],"author":[{"embeddable":true,"href":"https:\/\/staging-sunrype.lassonde.net\/fr\/wp-json\/wp\/v2\/users\/10"}],"replies":[{"embeddable":true,"href":"https:\/\/staging-sunrype.lassonde.net\/fr\/wp-json\/wp\/v2\/comments?post=465"}],"version-history":[{"count":4,"href":"https:\/\/staging-sunrype.lassonde.net\/fr\/wp-json\/wp\/v2\/product\/465\/revisions"}],"predecessor-version":[{"id":7141,"href":"https:\/\/staging-sunrype.lassonde.net\/fr\/wp-json\/wp\/v2\/product\/465\/revisions\/7141"}],"wp:featuredmedia":[{"embeddable":true,"href":"https:\/\/staging-sunrype.lassonde.net\/fr\/wp-json\/wp\/v2\/media\/2792"}],"wp:attachment":[{"href":"https:\/\/staging-sunrype.lassonde.net\/fr\/wp-json\/wp\/v2\/media?parent=465"}],"curies":[{"name":"wp","href":"https:\/\/api.w.org\/{rel}","templated":true}]}}