{"id":723,"date":"2022-07-04T14:29:05","date_gmt":"2022-07-04T18:29:05","guid":{"rendered":"https:\/\/sunrype.ca\/?page_id=723"},"modified":"2025-09-09T10:02:24","modified_gmt":"2025-09-09T14:02:24","slug":"collations","status":"publish","type":"page","link":"https:\/\/staging-sunrype.lassonde.net\/fr\/collations\/","title":{"rendered":"Collations"},"content":{"rendered":"\n<h2 class=\"wp-block-heading has-text-align-center\"><strong>Des bienfaits dans chaque bouch\u00e9e<\/strong><\/h2>\n\n\n\n<p class=\"has-text-align-center has-large-font-size\">Nos d\u00e9licieuses collations sont faites de fruits et autres ingr\u00e9dients tout simples parce que nous croyons que la qualit\u00e9 a meilleur go\u00fbt. Vous n&rsquo;y trouverez aucun truc impossible \u00e0 prononcer.<\/p>\n\n\n\n<div class=\"wp-block-buttons is-content-justification-center is-layout-flex wp-container-core-buttons-is-layout-a89b3969 wp-block-buttons-is-layout-flex\">\n<div class=\"wp-block-button\"><a class=\"wp-block-button__link wp-element-button\" href=\"https:\/\/staging-sunrype.lassonde.net\/fr\/nos-produits\/?_product_types=collations\">D\u00e9couvrez tous les produits<\/a><\/div>\n<\/div>\n\n\n\n  <section class=\"product-subcategories-block theme-block alignfull\">\n    <div class=\"product-subcategories-carousel-wrapper\">\n      <div class=\"product-subcategories-carousel swiper\">\n        <div class=\"swiper-wrapper\">\n                      <div class=\"swiper-slide product-subcategory-wrapper\">\n              <a href=\"https:\/\/staging-sunrype.lassonde.net\/fr\/nos-produits\/fruit-to-go\/\" class=\"product-subcategory ctheme-04\">\n                                  <div class=\"product-subcategory__images-wrapper\">\n                    <img decoding=\"async\" src=\"https:\/\/staging-sunrype.lassonde.net\/wp-content\/uploads\/2025\/02\/tuiles-categorie_FruitToGo_ENFR.png\" alt=\"\" title=\"\">\n                  <\/div>\n                                <div class=\"product-subcategory__inner\">\n                                      <p class=\"product-subcategory__title\" aria-hidden=\"true\">Fruit to Go<\/p>\n                                                        <div class=\"product-subcategory__cta-wrapper\">\n                      <span class=\"btn product-subcategory__cta\">\n                        Trouvez votre saveur                      <\/span>\n                    <\/div>\n                                  <\/div>\n              <\/a>\n            <\/div>\n                      <div class=\"swiper-slide product-subcategory-wrapper\">\n              <a href=\"https:\/\/staging-sunrype.lassonde.net\/fr\/nos-produits\/good-bites\/\" class=\"product-subcategory ctheme-07\">\n                                  <div class=\"product-subcategory__images-wrapper\">\n                    <img decoding=\"async\" src=\"https:\/\/staging-sunrype.lassonde.net\/wp-content\/uploads\/2025\/02\/tuiles-categorie_Goodbites_ENFR.png\" alt=\"\" title=\"\">\n                  <\/div>\n                                <div class=\"product-subcategory__inner\">\n                                      <p class=\"product-subcategory__title\" aria-hidden=\"true\">Good Bites<\/p>\n                                                        <div class=\"product-subcategory__cta-wrapper\">\n                      <span class=\"btn product-subcategory__cta\">\n                        Trouvez votre saveur                      <\/span>\n                    <\/div>\n                                  <\/div>\n              <\/a>\n            <\/div>\n                      <div class=\"swiper-slide product-subcategory-wrapper\">\n              <a href=\"https:\/\/staging-sunrype.lassonde.net\/fr\/nos-produits\/fruitsource\/\" class=\"product-subcategory ctheme-01\">\n                                  <div class=\"product-subcategory__images-wrapper\">\n                    <img decoding=\"async\" src=\"https:\/\/staging-sunrype.lassonde.net\/wp-content\/uploads\/2025\/02\/tuiles-categorie_Fruitsource_ENFR.png\" alt=\"\" title=\"\">\n                  <\/div>\n                                <div class=\"product-subcategory__inner\">\n                                      <p class=\"product-subcategory__title\" aria-hidden=\"true\">Fruitsource<\/p>\n                                                        <div class=\"product-subcategory__cta-wrapper\">\n                      <span class=\"btn product-subcategory__cta\">\n                        Trouvez votre saveur                      <\/span>\n                    <\/div>\n                                  <\/div>\n              <\/a>\n            <\/div>\n                      <div class=\"swiper-slide product-subcategory-wrapper\">\n              <a href=\"https:\/\/staging-sunrype.lassonde.net\/fr\/nos-produits\/bouchees-de-fruits-biologiques\/\" class=\"product-subcategory ctheme-06\">\n                                  <div class=\"product-subcategory__images-wrapper\">\n                    <img decoding=\"async\" src=\"https:\/\/staging-sunrype.lassonde.net\/wp-content\/uploads\/2025\/02\/tuiles-categorie_organic_ENFR.png\" alt=\"\" title=\"\">\n                  <\/div>\n                                <div class=\"product-subcategory__inner\">\n                                      <p class=\"product-subcategory__title\" aria-hidden=\"true\">Collations de fruits biologiques <\/p>\n                                                        <div class=\"product-subcategory__cta-wrapper\">\n                      <span class=\"btn product-subcategory__cta\">\n                        Trouvez votre saveur                      <\/span>\n                    <\/div>\n                                  <\/div>\n              <\/a>\n            <\/div>\n                  <\/div>\n      <\/div>\n    <\/div>\n    <div class=\"product-subcategories-carousel__navigation\">\n      <div class=\"swiper-button-prev\"><\/div>\n      <div class=\"swiper-button-next\"><\/div>\n    <\/div>\n  <\/section>\n  \n\n  <section class=\"floating-image-block theme-block alignfull position-left\" data-aos=\"fade-right\">\n    <img decoding=\"async\" src=\"https:\/\/staging-sunrype.lassonde.net\/wp-content\/uploads\/2022\/07\/framboises.png\" alt=\"framboises\" title=\"\">\n  <\/section>\n  \n\n\n  <section class=\"highlight-products-block theme-block alignfull\">\n          <h2 class=\"container highlight-products__title\">Nos produits<\/h2>\n        <div class=\"highlight-products-carousel swiper\">\n      <div class=\"swiper-wrapper\">\n        \n<a class=\"listing__item listing__item--product swiper-slide has-thumbnail\" \n                                                   href=\"https:\/\/staging-sunrype.lassonde.net\/fr\/nos-produits\/fruit-to-go\/pomme-mangue\/printed-film-14g\/\" data-product-category=\"SunRype Fruit to Go\" data-product-name=\"POMME MANGUE\" data-product-size=\"14g\">\n  <div class=\"listing__item__thumbnail-wrapper\">\n    <div class=\"listing__item__thumbnail\" style=\"background-image:url(https:\/\/staging-sunrype.lassonde.net\/wp-content\/uploads\/pl\/products\/FR_061522033839_7884.png);\"><\/div>\n  <\/div>\n  <div class=\"listing__item__content-wrapper\">\n    <div class=\"listing__item__metas\">\n              <p class=\"listing__item__category\">SunRype Fruit to Go<\/p>\n                    <p class=\"listing__item__extra-meta\">14g<\/p>\n          <\/div>\n    <div class=\"listing__item__title-wrapper\">\n      <h2 class=\"listing__item__title\">POMME MANGUE<\/h2>\n      <div class=\"icon-arrow-wrapper\">\n        <div class=\"icon-arrow-wrapper\">\n  <svg class=\"arrow-icon\" xmlns=\"http:\/\/www.w3.org\/2000\/svg\", width=\"28\", height=\"24\", viewBox=\"0 0 28 24\">\n    <g fill=\"none\" stroke=\"#2175FF\" stroke-width=\"2\", stroke-linejoin=\"round\", stroke-miterlimit=\"10\">\n      <circle class=\"arrow-icon--circle\" cx=\"12\", cy=\"12\", r=\"11.12\"><\/circle>\n      <polygon class=\"arrow-icon--arrow\" points=\"0 -5.06261699e-14 4.714 4.532 0 9.062 3.285 9.062 8 4.532 3.285 -5.06261699e-14\"><\/polygon>\n    <\/g>\n  <\/svg>\n<\/div>\n      <\/div>\n    <\/div>\n  <\/div>\n<\/a>\n\n<a class=\"listing__item listing__item--product swiper-slide has-thumbnail\" \n                                                   href=\"https:\/\/staging-sunrype.lassonde.net\/fr\/nos-produits\/fruitsource\/pomme-cerise-baies\/printed-film-37gg\/\" data-product-category=\"SunRype Fruitsource\" data-product-name=\"POMME CERISE BAIES\" data-product-size=\"37g\">\n  <div class=\"listing__item__thumbnail-wrapper\">\n    <div class=\"listing__item__thumbnail\" style=\"background-image:url(https:\/\/staging-sunrype.lassonde.net\/wp-content\/uploads\/pl\/products\/FR_057961017233_7869.png);\"><\/div>\n  <\/div>\n  <div class=\"listing__item__content-wrapper\">\n    <div class=\"listing__item__metas\">\n              <p class=\"listing__item__category\">SunRype Fruitsource<\/p>\n                    <p class=\"listing__item__extra-meta\">37g<\/p>\n          <\/div>\n    <div class=\"listing__item__title-wrapper\">\n      <h2 class=\"listing__item__title\">POMME CERISE BAIES<\/h2>\n      <div class=\"icon-arrow-wrapper\">\n        <div class=\"icon-arrow-wrapper\">\n  <svg class=\"arrow-icon\" xmlns=\"http:\/\/www.w3.org\/2000\/svg\", width=\"28\", height=\"24\", viewBox=\"0 0 28 24\">\n    <g fill=\"none\" stroke=\"#2175FF\" stroke-width=\"2\", stroke-linejoin=\"round\", stroke-miterlimit=\"10\">\n      <circle class=\"arrow-icon--circle\" cx=\"12\", cy=\"12\", r=\"11.12\"><\/circle>\n      <polygon class=\"arrow-icon--arrow\" points=\"0 -5.06261699e-14 4.714 4.532 0 9.062 3.285 9.062 8 4.532 3.285 -5.06261699e-14\"><\/polygon>\n    <\/g>\n  <\/svg>\n<\/div>\n      <\/div>\n    <\/div>\n  <\/div>\n<\/a>\n\n<a class=\"listing__item listing__item--product swiper-slide has-thumbnail\" \n                                                   href=\"https:\/\/staging-sunrype.lassonde.net\/fr\/nos-produits\/fruitsource\/pomme-melange-de-baies\/printed-film-170gg\/\" data-product-category=\"SunRype Fruitsource\" data-product-name=\"POMME M\u00c9LANGE DE BAIES\" data-product-size=\"170g\">\n  <div class=\"listing__item__thumbnail-wrapper\">\n    <div class=\"listing__item__thumbnail\" style=\"background-image:url(https:\/\/staging-sunrype.lassonde.net\/wp-content\/uploads\/pl\/products\/FR_057961026518_7864.png);\"><\/div>\n  <\/div>\n  <div class=\"listing__item__content-wrapper\">\n    <div class=\"listing__item__metas\">\n              <p class=\"listing__item__category\">SunRype Fruitsource<\/p>\n                    <p class=\"listing__item__extra-meta\">170g<\/p>\n          <\/div>\n    <div class=\"listing__item__title-wrapper\">\n      <h2 class=\"listing__item__title\">POMME M\u00c9LANGE DE BAIES<\/h2>\n      <div class=\"icon-arrow-wrapper\">\n        <div class=\"icon-arrow-wrapper\">\n  <svg class=\"arrow-icon\" xmlns=\"http:\/\/www.w3.org\/2000\/svg\", width=\"28\", height=\"24\", viewBox=\"0 0 28 24\">\n    <g fill=\"none\" stroke=\"#2175FF\" stroke-width=\"2\", stroke-linejoin=\"round\", stroke-miterlimit=\"10\">\n      <circle class=\"arrow-icon--circle\" cx=\"12\", cy=\"12\", r=\"11.12\"><\/circle>\n      <polygon class=\"arrow-icon--arrow\" points=\"0 -5.06261699e-14 4.714 4.532 0 9.062 3.285 9.062 8 4.532 3.285 -5.06261699e-14\"><\/polygon>\n    <\/g>\n  <\/svg>\n<\/div>\n      <\/div>\n    <\/div>\n  <\/div>\n<\/a>\n\n<a class=\"listing__item listing__item--product swiper-slide has-thumbnail\" \n                                                   href=\"https:\/\/staging-sunrype.lassonde.net\/fr\/nos-produits\/good-bites\/noix-de-coco-au-citron\/carton-4-x-23g\/\" data-product-category=\"SunRype Good Bites\" data-product-name=\"NOIX DE COCO AU CITRON\" data-product-size=\"4 X 23g\">\n  <div class=\"listing__item__thumbnail-wrapper\">\n    <div class=\"listing__item__thumbnail\" style=\"background-image:url(https:\/\/staging-sunrype.lassonde.net\/wp-content\/uploads\/pl\/products\/FR_057961134640_7968.png);\"><\/div>\n  <\/div>\n  <div class=\"listing__item__content-wrapper\">\n    <div class=\"listing__item__metas\">\n              <p class=\"listing__item__category\">SunRype Good Bites<\/p>\n                    <p class=\"listing__item__extra-meta\">4 X 23g<\/p>\n          <\/div>\n    <div class=\"listing__item__title-wrapper\">\n      <h2 class=\"listing__item__title\">NOIX DE COCO AU CITRON<\/h2>\n      <div class=\"icon-arrow-wrapper\">\n        <div class=\"icon-arrow-wrapper\">\n  <svg class=\"arrow-icon\" xmlns=\"http:\/\/www.w3.org\/2000\/svg\", width=\"28\", height=\"24\", viewBox=\"0 0 28 24\">\n    <g fill=\"none\" stroke=\"#2175FF\" stroke-width=\"2\", stroke-linejoin=\"round\", stroke-miterlimit=\"10\">\n      <circle class=\"arrow-icon--circle\" cx=\"12\", cy=\"12\", r=\"11.12\"><\/circle>\n      <polygon class=\"arrow-icon--arrow\" points=\"0 -5.06261699e-14 4.714 4.532 0 9.062 3.285 9.062 8 4.532 3.285 -5.06261699e-14\"><\/polygon>\n    <\/g>\n  <\/svg>\n<\/div>\n      <\/div>\n    <\/div>\n  <\/div>\n<\/a>\n      <\/div>\n      <div class=\"highlight-products-carousel__navigation\">\n        <div class=\"swiper-button-prev\"><\/div>\n        <div class=\"swiper-button-next\"><\/div>\n      <\/div>\n      <div class=\"highlight-products-carousel__pagination swiper-pagination\"><\/div>\n    <\/div>\n  <\/section>\n  ","protected":false},"excerpt":{"rendered":"<p>Des bienfaits dans chaque bouch\u00e9e Nos d\u00e9licieuses collations sont faites de fruits et autres ingr\u00e9dients tout simples parce que nous croyons que la qualit\u00e9 a meilleur go\u00fbt. Vous n&rsquo;y trouverez aucun truc impossible \u00e0 prononcer.<\/p>\n","protected":false},"author":9,"featured_media":2770,"parent":0,"menu_order":0,"comment_status":"closed","ping_status":"closed","template":"","meta":{"_acf_changed":false,"_relevanssi_hide_post":"","_relevanssi_hide_content":"","_relevanssi_pin_for_all":"","_relevanssi_pin_keywords":"","_relevanssi_unpin_keywords":"","_relevanssi_related_keywords":"","_relevanssi_related_include_ids":"","_relevanssi_related_exclude_ids":"","_relevanssi_related_no_append":"","_relevanssi_related_not_related":"","_relevanssi_related_posts":"1","_relevanssi_noindex_reason":"","footnotes":""},"class_list":["post-723","page","type-page","status-publish","has-post-thumbnail","hentry"],"acf":[],"_links":{"self":[{"href":"https:\/\/staging-sunrype.lassonde.net\/fr\/wp-json\/wp\/v2\/pages\/723","targetHints":{"allow":["GET"]}}],"collection":[{"href":"https:\/\/staging-sunrype.lassonde.net\/fr\/wp-json\/wp\/v2\/pages"}],"about":[{"href":"https:\/\/staging-sunrype.lassonde.net\/fr\/wp-json\/wp\/v2\/types\/page"}],"author":[{"embeddable":true,"href":"https:\/\/staging-sunrype.lassonde.net\/fr\/wp-json\/wp\/v2\/users\/9"}],"replies":[{"embeddable":true,"href":"https:\/\/staging-sunrype.lassonde.net\/fr\/wp-json\/wp\/v2\/comments?post=723"}],"version-history":[{"count":43,"href":"https:\/\/staging-sunrype.lassonde.net\/fr\/wp-json\/wp\/v2\/pages\/723\/revisions"}],"predecessor-version":[{"id":6486,"href":"https:\/\/staging-sunrype.lassonde.net\/fr\/wp-json\/wp\/v2\/pages\/723\/revisions\/6486"}],"wp:featuredmedia":[{"embeddable":true,"href":"https:\/\/staging-sunrype.lassonde.net\/fr\/wp-json\/wp\/v2\/media\/2770"}],"wp:attachment":[{"href":"https:\/\/staging-sunrype.lassonde.net\/fr\/wp-json\/wp\/v2\/media?parent=723"}],"curies":[{"name":"wp","href":"https:\/\/api.w.org\/{rel}","templated":true}]}}