{"id":710,"date":"2022-07-04T14:23:40","date_gmt":"2022-07-04T18:23:40","guid":{"rendered":"https:\/\/sunrype.ca\/?page_id=710"},"modified":"2025-09-12T12:22:47","modified_gmt":"2025-09-12T16:22:47","slug":"breuvages","status":"publish","type":"page","link":"https:\/\/staging-sunrype.lassonde.net\/fr\/breuvages\/","title":{"rendered":"Breuvages"},"content":{"rendered":"\n<h2 class=\"wp-block-heading has-text-align-center\"><strong>Du soleil dans chaque gorg\u00e9e<\/strong><\/h2>\n\n\n\n<p class=\"has-text-align-center\">Nous croyons que vous devriez \u00eatre capable de prononcer les ingr\u00e9dients que vous mettez dans votre corps. C&rsquo;est pourquoi nous sommes fiers d&rsquo;utiliser de vrais bons ingr\u00e9dients nutritifs dans tous nos produits.<\/p>\n\n\n\n<div class=\"wp-block-buttons is-content-justification-center is-layout-flex wp-container-core-buttons-is-layout-a89b3969 wp-block-buttons-is-layout-flex\">\n<div class=\"wp-block-button\"><a class=\"wp-block-button__link has-text-align-center wp-element-button\">TROUVEZ VOTRE SAVEUR<\/a><\/div>\n<\/div>\n\n\n\n<div class=\"wp-block-columns are-vertically-aligned-center is-layout-flex wp-container-core-columns-is-layout-28f84493 wp-block-columns-is-layout-flex\">\n<div class=\"wp-block-column is-vertically-aligned-center is-layout-flow wp-block-column-is-layout-flow\">\n<h2 class=\"wp-block-heading\">Des racines profondes et des branches solides<\/h2>\n\n\n\n<p>SunRype est n\u00e9 sous le magnifique soleil de la Colombie-Britannique, en 1946, et nous ne pourrions \u00eatre plus fiers de nos racines canadiennes. Lorsque vous choisissez les jus SunRype, vous offrez du soleil \u00e0 votre famille (en plus de soutenir l\u2019\u00e9conomie locale). Nos employ\u00e9s sont d\u00e9vou\u00e9s et fiers d\u2019ajouter tous les d\u00e9licieux bienfaits qui se retrouvent \u00e0 l\u2019int\u00e9rieur de nos jus pour plaire aux familles de l\u2019Ouest du Canada.<\/p>\n\n\n\n<div class=\"wp-block-buttons is-layout-flex wp-block-buttons-is-layout-flex\">\n<div class=\"wp-block-button\"><a class=\"wp-block-button__link wp-element-button\" href=\"https:\/\/staging-sunrype.lassonde.net\/fr\/notre-histoire\/\">D\u00c9COUVREZ NOTRE HISTOIRE<\/a><\/div>\n<\/div>\n<\/div>\n\n\n\n<div class=\"wp-block-column is-vertically-aligned-center is-layout-flow wp-block-column-is-layout-flow\">\n<figure class=\"wp-block-image size-full\"><img decoding=\"async\" width=\"800\" height=\"800\" src=\"https:\/\/staging-sunrype.lassonde.net\/wp-content\/uploads\/2024\/05\/made-in-bc-800x800-1.png\" alt=\"\" class=\"wp-image-4156\" title=\"\" srcset=\"https:\/\/staging-sunrype.lassonde.net\/wp-content\/uploads\/2024\/05\/made-in-bc-800x800-1.png 800w, https:\/\/staging-sunrype.lassonde.net\/wp-content\/uploads\/2024\/05\/made-in-bc-800x800-1-300x300.png 300w, https:\/\/staging-sunrype.lassonde.net\/wp-content\/uploads\/2024\/05\/made-in-bc-800x800-1-150x150.png 150w, https:\/\/staging-sunrype.lassonde.net\/wp-content\/uploads\/2024\/05\/made-in-bc-800x800-1-768x768.png 768w\" sizes=\"(max-width: 800px) 100vw, 800px\" \/><\/figure>\n<\/div>\n<\/div>\n\n\n\n  <section class=\"product-subcategories-block theme-block alignfull\">\n    <div class=\"product-subcategories-carousel-wrapper\">\n      <div class=\"product-subcategories-carousel swiper\">\n        <div class=\"swiper-wrapper\">\n                      <div class=\"swiper-slide product-subcategory-wrapper\">\n              <a href=\"https:\/\/staging-sunrype.lassonde.net\/fr\/nos-produits\/jus-de-pomme-pur\/\" class=\"product-subcategory ctheme-08\">\n                                  <div class=\"product-subcategory__images-wrapper\">\n                    <img decoding=\"async\" src=\"https:\/\/staging-sunrype.lassonde.net\/wp-content\/uploads\/2023\/07\/ourproducts-apple_homepage_FR.png\" alt=\"\" title=\"\">\n                  <\/div>\n                                <div class=\"product-subcategory__inner\">\n                                      <p class=\"product-subcategory__title\" aria-hidden=\"true\">Jus de pomme pure<\/p>\n                                                        <div class=\"product-subcategory__cta-wrapper\">\n                      <span class=\"btn product-subcategory__cta\">\n                        Trouvez votre saveur                      <\/span>\n                    <\/div>\n                                  <\/div>\n              <\/a>\n            <\/div>\n                      <div class=\"swiper-slide product-subcategory-wrapper\">\n              <a href=\"https:\/\/staging-sunrype.lassonde.net\/fr\/nos-produits\/100-jus\/\" class=\"product-subcategory ctheme-01\">\n                                  <div class=\"product-subcategory__images-wrapper\">\n                    <img decoding=\"async\" src=\"https:\/\/staging-sunrype.lassonde.net\/wp-content\/uploads\/2023\/07\/ourproducts-100jus_homepage_FR.png\" alt=\"\" title=\"\">\n                  <\/div>\n                                <div class=\"product-subcategory__inner\">\n                                      <p class=\"product-subcategory__title\" aria-hidden=\"true\">100% jus<\/p>\n                                                        <div class=\"product-subcategory__cta-wrapper\">\n                      <span class=\"btn product-subcategory__cta\">\n                        Trouvez votre saveur                      <\/span>\n                    <\/div>\n                                  <\/div>\n              <\/a>\n            <\/div>\n                      <div class=\"swiper-slide product-subcategory-wrapper\">\n              <a href=\"https:\/\/staging-sunrype.lassonde.net\/fr\/nos-produits\/slim\/\" class=\"product-subcategory ctheme-03\">\n                                  <div class=\"product-subcategory__images-wrapper\">\n                    <img decoding=\"async\" src=\"https:\/\/staging-sunrype.lassonde.net\/wp-content\/uploads\/2025\/09\/MANGUE-TROPICALE-FR.png\" alt=\"\" title=\"\">\n                  <\/div>\n                                <div class=\"product-subcategory__inner\">\n                                      <p class=\"product-subcategory__title\" aria-hidden=\"true\">Slim<\/p>\n                                                        <div class=\"product-subcategory__cta-wrapper\">\n                      <span class=\"btn product-subcategory__cta\">\n                        Trouvez votre saveur                      <\/span>\n                    <\/div>\n                                  <\/div>\n              <\/a>\n            <\/div>\n                      <div class=\"swiper-slide product-subcategory-wrapper\">\n              <a href=\"https:\/\/staging-sunrype.lassonde.net\/fr\/nos-produits\/60-moins-de-sucre\/\" class=\"product-subcategory ctheme-07\">\n                                  <div class=\"product-subcategory__images-wrapper\">\n                    <img decoding=\"async\" src=\"https:\/\/staging-sunrype.lassonde.net\/wp-content\/uploads\/2023\/07\/ourproducts-lesssugar_homepage_FR.png\" alt=\"\" title=\"\">\n                  <\/div>\n                                <div class=\"product-subcategory__inner\">\n                                      <p class=\"product-subcategory__title\" aria-hidden=\"true\">60% moins de sucre<\/p>\n                                                        <div class=\"product-subcategory__cta-wrapper\">\n                      <span class=\"btn product-subcategory__cta\">\n                        Trouvez votre saveur                      <\/span>\n                    <\/div>\n                                  <\/div>\n              <\/a>\n            <\/div>\n                      <div class=\"swiper-slide product-subcategory-wrapper\">\n              <a href=\"https:\/\/staging-sunrype.lassonde.net\/fr\/nos-produits\/fruit-plus-legumes\/\" class=\"product-subcategory ctheme-04\">\n                                  <div class=\"product-subcategory__images-wrapper\">\n                    <img decoding=\"async\" src=\"https:\/\/staging-sunrype.lassonde.net\/wp-content\/uploads\/2023\/07\/ourproducts-fruitveggies_homepage_FR.png\" alt=\"\" title=\"\">\n                  <\/div>\n                                <div class=\"product-subcategory__inner\">\n                                      <p class=\"product-subcategory__title\" aria-hidden=\"true\">Fruit plus l\u00e9gumes<\/p>\n                                                        <div class=\"product-subcategory__cta-wrapper\">\n                      <span class=\"btn product-subcategory__cta\">\n                        Trouvez votre saveur                      <\/span>\n                    <\/div>\n                                  <\/div>\n              <\/a>\n            <\/div>\n                  <\/div>\n      <\/div>\n    <\/div>\n    <div class=\"product-subcategories-carousel__navigation\">\n      <div class=\"swiper-button-prev\"><\/div>\n      <div class=\"swiper-button-next\"><\/div>\n    <\/div>\n  <\/section>\n  \n\n  <section class=\"floating-image-block theme-block alignfull position-right\" data-aos=\"fade-left\">\n    <img decoding=\"async\" src=\"https:\/\/staging-sunrype.lassonde.net\/wp-content\/uploads\/2022\/07\/raisins.png\" alt=\"raisins\" title=\"\">\n  <\/section>\n  \n\n\n  <section class=\"highlight-products-block theme-block alignfull\">\n          <h2 class=\"container highlight-products__title\">Nos produits<\/h2>\n        <div class=\"highlight-products-carousel swiper\">\n      <div class=\"swiper-wrapper\">\n        \n<a class=\"listing__item listing__item--product swiper-slide has-thumbnail\" \n                                                   href=\"https:\/\/staging-sunrype.lassonde.net\/fr\/nos-produits\/jus-de-pomme-pur-2\/jus-de-pomme-non-fait-de-concentre-3\/tetra-slim-1l\/\" data-product-category=\"SunRype non fait de concentr\u00e9\" data-product-name=\"JUS DE POMME NON FAIT DE CONCENTR\u00c9\" data-product-size=\"1L\">\n  <div class=\"listing__item__thumbnail-wrapper\">\n    <div class=\"listing__item__thumbnail\" style=\"background-image:url(https:\/\/staging-sunrype.lassonde.net\/wp-content\/uploads\/pl\/products\/FR_057961000228_7166.png);\"><\/div>\n  <\/div>\n  <div class=\"listing__item__content-wrapper\">\n    <div class=\"listing__item__metas\">\n              <p class=\"listing__item__category\">SunRype non fait de concentr\u00e9<\/p>\n                    <p class=\"listing__item__extra-meta\">1L<\/p>\n          <\/div>\n    <div class=\"listing__item__title-wrapper\">\n      <h2 class=\"listing__item__title\">JUS DE POMME NON FAIT DE CONCENTR\u00c9<\/h2>\n      <div class=\"icon-arrow-wrapper\">\n        <div class=\"icon-arrow-wrapper\">\n  <svg class=\"arrow-icon\" xmlns=\"http:\/\/www.w3.org\/2000\/svg\", width=\"28\", height=\"24\", viewBox=\"0 0 28 24\">\n    <g fill=\"none\" stroke=\"#2175FF\" stroke-width=\"2\", stroke-linejoin=\"round\", stroke-miterlimit=\"10\">\n      <circle class=\"arrow-icon--circle\" cx=\"12\", cy=\"12\", r=\"11.12\"><\/circle>\n      <polygon class=\"arrow-icon--arrow\" points=\"0 -5.06261699e-14 4.714 4.532 0 9.062 3.285 9.062 8 4.532 3.285 -5.06261699e-14\"><\/polygon>\n    <\/g>\n  <\/svg>\n<\/div>\n      <\/div>\n    <\/div>\n  <\/div>\n<\/a>\n\n<a class=\"listing__item listing__item--product swiper-slide has-thumbnail\" \n                                                   href=\"https:\/\/staging-sunrype.lassonde.net\/fr\/nos-produits\/slim\/pamplemousse-rose\/plastique-pet-1-36l\/\" data-product-category=\"SunRype Slim\" data-product-name=\"PAMPLEMOUSSE ROSE\" data-product-size=\"1.36L\">\n  <div class=\"listing__item__thumbnail-wrapper\">\n    <div class=\"listing__item__thumbnail\" style=\"background-image:url(https:\/\/staging-sunrype.lassonde.net\/wp-content\/uploads\/pl\/products\/FR_057961033103_7652.png);\"><\/div>\n  <\/div>\n  <div class=\"listing__item__content-wrapper\">\n    <div class=\"listing__item__metas\">\n              <p class=\"listing__item__category\">SunRype Slim<\/p>\n                    <p class=\"listing__item__extra-meta\">1.36L<\/p>\n          <\/div>\n    <div class=\"listing__item__title-wrapper\">\n      <h2 class=\"listing__item__title\">PAMPLEMOUSSE ROSE<\/h2>\n      <div class=\"icon-arrow-wrapper\">\n        <div class=\"icon-arrow-wrapper\">\n  <svg class=\"arrow-icon\" xmlns=\"http:\/\/www.w3.org\/2000\/svg\", width=\"28\", height=\"24\", viewBox=\"0 0 28 24\">\n    <g fill=\"none\" stroke=\"#2175FF\" stroke-width=\"2\", stroke-linejoin=\"round\", stroke-miterlimit=\"10\">\n      <circle class=\"arrow-icon--circle\" cx=\"12\", cy=\"12\", r=\"11.12\"><\/circle>\n      <polygon class=\"arrow-icon--arrow\" points=\"0 -5.06261699e-14 4.714 4.532 0 9.062 3.285 9.062 8 4.532 3.285 -5.06261699e-14\"><\/polygon>\n    <\/g>\n  <\/svg>\n<\/div>\n      <\/div>\n    <\/div>\n  <\/div>\n<\/a>\n      <\/div>\n      <div class=\"highlight-products-carousel__navigation\">\n        <div class=\"swiper-button-prev\"><\/div>\n        <div class=\"swiper-button-next\"><\/div>\n      <\/div>\n      <div class=\"highlight-products-carousel__pagination swiper-pagination\"><\/div>\n    <\/div>\n  <\/section>\n  ","protected":false},"excerpt":{"rendered":"<p>Du soleil dans chaque gorg\u00e9e Nous croyons que vous devriez \u00eatre capable de prononcer les ingr\u00e9dients que vous mettez dans votre corps. C&rsquo;est pourquoi nous sommes fiers d&rsquo;utiliser de vrais bons ingr\u00e9dients nutritifs dans tous nos produits. Des racines profondes et des branches solides SunRype est n\u00e9 sous le magnifique soleil de la Colombie-Britannique, en&hellip;<\/p>\n","protected":false},"author":9,"featured_media":2774,"parent":0,"menu_order":0,"comment_status":"closed","ping_status":"closed","template":"","meta":{"_acf_changed":false,"_relevanssi_hide_post":"","_relevanssi_hide_content":"","_relevanssi_pin_for_all":"","_relevanssi_pin_keywords":"","_relevanssi_unpin_keywords":"","_relevanssi_related_keywords":"","_relevanssi_related_include_ids":"","_relevanssi_related_exclude_ids":"","_relevanssi_related_no_append":"","_relevanssi_related_not_related":"","_relevanssi_related_posts":"1","_relevanssi_noindex_reason":"","footnotes":""},"class_list":["post-710","page","type-page","status-publish","has-post-thumbnail","hentry"],"acf":[],"_links":{"self":[{"href":"https:\/\/staging-sunrype.lassonde.net\/fr\/wp-json\/wp\/v2\/pages\/710","targetHints":{"allow":["GET"]}}],"collection":[{"href":"https:\/\/staging-sunrype.lassonde.net\/fr\/wp-json\/wp\/v2\/pages"}],"about":[{"href":"https:\/\/staging-sunrype.lassonde.net\/fr\/wp-json\/wp\/v2\/types\/page"}],"author":[{"embeddable":true,"href":"https:\/\/staging-sunrype.lassonde.net\/fr\/wp-json\/wp\/v2\/users\/9"}],"replies":[{"embeddable":true,"href":"https:\/\/staging-sunrype.lassonde.net\/fr\/wp-json\/wp\/v2\/comments?post=710"}],"version-history":[{"count":57,"href":"https:\/\/staging-sunrype.lassonde.net\/fr\/wp-json\/wp\/v2\/pages\/710\/revisions"}],"predecessor-version":[{"id":6497,"href":"https:\/\/staging-sunrype.lassonde.net\/fr\/wp-json\/wp\/v2\/pages\/710\/revisions\/6497"}],"wp:featuredmedia":[{"embeddable":true,"href":"https:\/\/staging-sunrype.lassonde.net\/fr\/wp-json\/wp\/v2\/media\/2774"}],"wp:attachment":[{"href":"https:\/\/staging-sunrype.lassonde.net\/fr\/wp-json\/wp\/v2\/media?parent=710"}],"curies":[{"name":"wp","href":"https:\/\/api.w.org\/{rel}","templated":true}]}}