{"id":6,"date":"2022-06-23T18:06:32","date_gmt":"2022-06-23T18:06:32","guid":{"rendered":"https:\/\/sunrype.ca\/?page_id=6"},"modified":"2026-04-13T10:36:14","modified_gmt":"2026-04-13T14:36:14","slug":"page-daccueil","status":"publish","type":"page","link":"https:\/\/staging-sunrype.lassonde.net\/fr\/","title":{"rendered":"Page d&rsquo;accueil"},"content":{"rendered":"<section class=\"content-with-image-block theme-block alignfull\">\n  <div class=\"content-with-image__content-container container\">\n    <h2 style=\"text-align: center\">Les bonnes choses commencent \u00e0 l&rsquo;int\u00e9rieur<\/h2>\n<p class=\"has-large-font-size\" style=\"text-align: center\">SunRype utilise des fruits, des l\u00e9gumes et des ingr\u00e9dients tout simples pour confectionner des produits sains et savoureux avec votre bien-\u00eatre \u00e0 c\u0153ur. Nous laissons rayonner le bon go\u00fbt d&rsquo;ingr\u00e9dients vrais et simples. Vous n&rsquo;y trouverez aucun truc impossible \u00e0 prononcer.<\/p>\n      <img decoding=\"async\" class=\"content-with-image__outbox-img\" src=\"https:\/\/staging-sunrype.lassonde.net\/wp-content\/uploads\/2022\/06\/pommes.png\" alt=\"\" title=\"\">\n        <\/div>\n<\/section>\n\n\n<section class=\"products-categories-block theme-block aligndefault style--square\">\n            <div class=\"product-categories__category-wrapper\">\n                <div class=\"products-categories__category category-color-ctheme-04\">\n          <div class=\"products-categories__category__images\">\n                          <img decoding=\"async\" class=\"category__images__first-image\" src=\"https:\/\/staging-sunrype.lassonde.net\/wp-content\/uploads\/2023\/07\/orange-1-1.png\" alt=\"\" title=\"\">\n                                      <img decoding=\"async\" class=\"category__images__category\" src=\"https:\/\/staging-sunrype.lassonde.net\/wp-content\/uploads\/2026\/04\/SRP_1L_AP-NFC_057961000228_22671__FR_NOFOP.png\" alt=\"\" title=\"\">\n                                      <img decoding=\"async\" class=\"category__images__second-image\" src=\"https:\/\/staging-sunrype.lassonde.net\/wp-content\/uploads\/2023\/07\/orange-1.png\" alt=\"\" title=\"\">\n                      <\/div>\n                      <h2>Breuvages<\/h2>\n                                <p>Plongez dans un monde de rafra\u00eechissement chaque jour.<\/p>\n                                <a class=\"btn cta-btn\" href=\"https:\/\/staging-sunrype.lassonde.net\/fr\/breuvages\/\">D\u00e9couvrez nos produits<\/a>\n                  <\/div>\n      <\/div>\n            <div class=\"product-categories__category-wrapper\">\n                <div class=\"products-categories__category category-color-ctheme-02\">\n          <div class=\"products-categories__category__images\">\n                          <img decoding=\"async\" class=\"category__images__first-image\" src=\"https:\/\/staging-sunrype.lassonde.net\/wp-content\/uploads\/2022\/06\/fraise-min.png\" alt=\"\" title=\"\">\n                                      <img decoding=\"async\" class=\"category__images__category\" src=\"https:\/\/staging-sunrype.lassonde.net\/wp-content\/uploads\/2025\/02\/accueil_snacks_EN-1.png\" alt=\"\" title=\"\">\n                                      <img decoding=\"async\" class=\"category__images__second-image\" src=\"https:\/\/staging-sunrype.lassonde.net\/wp-content\/uploads\/2022\/06\/framboise.png\" alt=\"\" title=\"\">\n                      <\/div>\n                      <h2>Collations<\/h2>\n                                <p>Avec une telle vari\u00e9t\u00e9, c&#039;est facile d&#039;ensoleiller toutes vos journ\u00e9es.<\/p>\n                                <a class=\"btn cta-btn\" href=\"https:\/\/staging-sunrype.lassonde.net\/fr\/collations\/\">D\u00e9couvrez nos collations<\/a>\n                  <\/div>\n      <\/div>\n          <\/section>\n\n\n<section class=\"media-text-overlap-img theme-block alignfull  block-align-center\">\n  <div class=\"media-text-overlap-img__left-column\">\n          <div class=\"left-column__content\">\n        <h2>Fi\u00e8rement chez nous dans l&rsquo;Okanagan<\/h2>\n<p class=\"has-extra-large-font-size\">N\u00e9e sous le soleil de la Colombie-Britannique en 1946, SunRype est devenue, au fil des ann\u00e9es, une marque qui se veut plut\u00f4t sympa. Bien s\u00fbr, plein de choses ont chang\u00e9 depuis, mais nous restons les m\u00eames l\u00e0 o\u00f9 \u00e7a compte.<\/p>\n      <\/div>\n            <a class=\"left-column__link btn\" href=\"https:\/\/staging-sunrype.lassonde.net\/fr\/notre-histoire\/\">Notre histoire<\/a>\n              <img decoding=\"async\" class=\"left-column__overlap-img\" src=\"https:\/\/staging-sunrype.lassonde.net\/wp-content\/uploads\/2022\/06\/cerises.png\" alt=\"\" title=\"\">\n      <\/div>\n  <div class=\"media-text-overlap-img__right-column\" style=\"background-image:url(https:\/\/staging-sunrype.lassonde.net\/wp-content\/uploads\/2022\/06\/iStock-1055941600.jpg)\"><\/div>\n<\/section>\n\n\n\n<h2 class=\"wp-block-heading has-text-align-center has-primary-color has-text-color\"><\/h2>\n\n\n\n<div style=\"height:60px\" aria-hidden=\"true\" class=\"wp-block-spacer\"><\/div>\n\n\n<section class=\"products-row-block theme-block alignfull\">\n      <h2 class=\"container\">Nos produits<\/h2>\n        <div class=\"swiper products-row-swiper\">\n      <div class=\"swiper-wrapper\">\n                  <div class=\"swiper-slide\">\n                          <img decoding=\"async\" src=\"https:\/\/staging-sunrype.lassonde.net\/wp-content\/uploads\/2023\/07\/ourproducts-apple_homepage_FR.png\" alt=\"\" title=\"\">\n                        <div class=\"swiper-slide__info\">\n                              <p>Jus de pomme pur<\/p>\n                                            <a class=\"btn--white\" href=\"https:\/\/staging-sunrype.lassonde.net\/fr\/nos-produits\/jus-de-pomme-pur\/\">Voir plus<\/a>\n                          <\/div>\n          <\/div>\n                    <div class=\"swiper-slide\">\n                          <img decoding=\"async\" src=\"https:\/\/staging-sunrype.lassonde.net\/wp-content\/uploads\/2025\/02\/SRP_GB_150_G_57961031826_CHOCHI-1.png\" alt=\"\" title=\"\">\n                        <div class=\"swiper-slide__info\">\n                              <p>Good Bites<\/p>\n                                            <a class=\"btn--white\" href=\"https:\/\/staging-sunrype.lassonde.net\/fr\/nos-produits\/good-bites\/\">Voir plus<\/a>\n                          <\/div>\n          <\/div>\n                    <div class=\"swiper-slide\">\n                          <img decoding=\"async\" src=\"https:\/\/staging-sunrype.lassonde.net\/wp-content\/uploads\/2023\/07\/ourproducts-100jus_homepage_FR.png\" alt=\"\" title=\"\">\n                        <div class=\"swiper-slide__info\">\n                              <p>100% jus<\/p>\n                                            <a class=\"btn--white\" href=\"https:\/\/staging-sunrype.lassonde.net\/fr\/nos-produits\/100-jus\/\">Voir plus<\/a>\n                          <\/div>\n          <\/div>\n                    <div class=\"swiper-slide\">\n                          <img decoding=\"async\" src=\"https:\/\/staging-sunrype.lassonde.net\/wp-content\/uploads\/2025\/02\/FTG-Carousel.png\" alt=\"\" title=\"\">\n                        <div class=\"swiper-slide__info\">\n                              <p>Fruit to Go<\/p>\n                                            <a class=\"btn--white\" href=\"https:\/\/staging-sunrype.lassonde.net\/fr\/nos-produits\/fruit-to-go\/\">Voir plus<\/a>\n                          <\/div>\n          <\/div>\n                    <div class=\"swiper-slide\">\n                          <img decoding=\"async\" src=\"https:\/\/staging-sunrype.lassonde.net\/wp-content\/uploads\/2025\/09\/MANGUE-TROPICALE-FR.png\" alt=\"slim- mangue tropicale\" title=\"\">\n                        <div class=\"swiper-slide__info\">\n                              <p>Slim<\/p>\n                                            <a class=\"btn--white\" href=\"https:\/\/staging-sunrype.lassonde.net\/fr\/nos-produits\/slim\/\">Voir plus<\/a>\n                          <\/div>\n          <\/div>\n                    <div class=\"swiper-slide\">\n                          <img decoding=\"async\" src=\"https:\/\/staging-sunrype.lassonde.net\/wp-content\/uploads\/2025\/02\/FruitSource-Carousel.png\" alt=\"\" title=\"\">\n                        <div class=\"swiper-slide__info\">\n                              <p>Fruitsource<\/p>\n                                            <a class=\"btn--white\" href=\"https:\/\/staging-sunrype.lassonde.net\/fr\/nos-produits\/fruitsource\/\">Voir plus<\/a>\n                          <\/div>\n          <\/div>\n                    <div class=\"swiper-slide\">\n                          <img decoding=\"async\" src=\"https:\/\/staging-sunrype.lassonde.net\/wp-content\/uploads\/2025\/08\/SRP_Organic_Box_8x14g_72ppi.png\" alt=\"\" title=\"\">\n                        <div class=\"swiper-slide__info\">\n                              <p>Collations de fruits biologiques<\/p>\n                                            <a class=\"btn--white\" href=\"https:\/\/staging-sunrype.lassonde.net\/fr\/nos-produits\/collations-de-fruits-biologiques\/\">Voir plus<\/a>\n                          <\/div>\n          <\/div>\n                  <\/div>\n        <div class=\"products-row__navigation\">\n          <div class=\"navigation__wrapper\">\n            <div class=\"swiper-button-prev\"><\/div>\n            <div class=\"swiper-button-next\"><\/div>\n          <\/div>\n        <\/div>\n        <div class=\"swiper-pagination\"><\/div>\n      <\/div>\n  <\/section>\n","protected":false},"excerpt":{"rendered":"","protected":false},"author":9,"featured_media":3684,"parent":0,"menu_order":0,"comment_status":"closed","ping_status":"closed","template":"","meta":{"_acf_changed":false,"_relevanssi_hide_post":"","_relevanssi_hide_content":"","_relevanssi_pin_for_all":"","_relevanssi_pin_keywords":"","_relevanssi_unpin_keywords":"","_relevanssi_related_keywords":"","_relevanssi_related_include_ids":"","_relevanssi_related_exclude_ids":"","_relevanssi_related_no_append":"","_relevanssi_related_not_related":"","_relevanssi_related_posts":"1","_relevanssi_noindex_reason":"","footnotes":""},"class_list":["post-6","page","type-page","status-publish","has-post-thumbnail","hentry"],"acf":[],"_links":{"self":[{"href":"https:\/\/staging-sunrype.lassonde.net\/fr\/wp-json\/wp\/v2\/pages\/6","targetHints":{"allow":["GET"]}}],"collection":[{"href":"https:\/\/staging-sunrype.lassonde.net\/fr\/wp-json\/wp\/v2\/pages"}],"about":[{"href":"https:\/\/staging-sunrype.lassonde.net\/fr\/wp-json\/wp\/v2\/types\/page"}],"author":[{"embeddable":true,"href":"https:\/\/staging-sunrype.lassonde.net\/fr\/wp-json\/wp\/v2\/users\/9"}],"replies":[{"embeddable":true,"href":"https:\/\/staging-sunrype.lassonde.net\/fr\/wp-json\/wp\/v2\/comments?post=6"}],"version-history":[{"count":231,"href":"https:\/\/staging-sunrype.lassonde.net\/fr\/wp-json\/wp\/v2\/pages\/6\/revisions"}],"predecessor-version":[{"id":7186,"href":"https:\/\/staging-sunrype.lassonde.net\/fr\/wp-json\/wp\/v2\/pages\/6\/revisions\/7186"}],"wp:featuredmedia":[{"embeddable":true,"href":"https:\/\/staging-sunrype.lassonde.net\/fr\/wp-json\/wp\/v2\/media\/3684"}],"wp:attachment":[{"href":"https:\/\/staging-sunrype.lassonde.net\/fr\/wp-json\/wp\/v2\/media?parent=6"}],"curies":[{"name":"wp","href":"https:\/\/api.w.org\/{rel}","templated":true}]}}