{"id":4414,"date":"2024-06-17T16:55:17","date_gmt":"2024-06-17T20:55:17","guid":{"rendered":"https:\/\/sunrype.ca\/?page_id=4414"},"modified":"2024-10-08T12:22:38","modified_gmt":"2024-10-08T16:22:38","slug":"capturer-le-soleil","status":"publish","type":"page","link":"https:\/\/staging-sunrype.lassonde.net\/fr\/capturer-le-soleil\/","title":{"rendered":"Du soleil \u00e0 l\u2019int\u00e9rieur"},"content":{"rendered":"\n<p class=\"has-text-align-center has-extra-large-font-size\"><strong><br><\/strong>SunRype est n\u00e9 sous le magnifique soleil de la Colombie-Britannique, et il n\u2019y a rien de mieux que le soleil de la c\u00f4te ouest pour rendre hommage \u00e0 nos racines. C\u2019est pourquoi nous croyons que vous devriez le go\u00fbter dans tous nos jus. Parce que la vie go\u00fbte meilleur avec un peu de soleil, d\u00e9couvrez comment les Canadiens ont captur\u00e9 toute cette beaut\u00e9 dans la galerie ci-dessous&#8230;<br><br><\/p>\n\n\n\n<p><\/p>\n","protected":false},"excerpt":{"rendered":"<p>SunRype est n\u00e9 sous le magnifique soleil de la Colombie-Britannique, et il n\u2019y a rien de mieux que le soleil de la c\u00f4te ouest pour rendre hommage \u00e0 nos racines. C\u2019est pourquoi nous croyons que vous devriez le go\u00fbter dans tous nos jus. Parce que la vie go\u00fbte meilleur avec un peu de soleil, d\u00e9couvrez&hellip;<\/p>\n","protected":false},"author":9,"featured_media":0,"parent":0,"menu_order":0,"comment_status":"closed","ping_status":"closed","template":"template-contest-photos.php","meta":{"_acf_changed":false,"_relevanssi_hide_post":"","_relevanssi_hide_content":"","_relevanssi_pin_for_all":"","_relevanssi_pin_keywords":"","_relevanssi_unpin_keywords":"","_relevanssi_related_keywords":"","_relevanssi_related_include_ids":"","_relevanssi_related_exclude_ids":"","_relevanssi_related_no_append":"","_relevanssi_related_not_related":"","_relevanssi_related_posts":"","_relevanssi_noindex_reason":"","footnotes":""},"class_list":["post-4414","page","type-page","status-publish","hentry"],"acf":[],"_links":{"self":[{"href":"https:\/\/staging-sunrype.lassonde.net\/fr\/wp-json\/wp\/v2\/pages\/4414","targetHints":{"allow":["GET"]}}],"collection":[{"href":"https:\/\/staging-sunrype.lassonde.net\/fr\/wp-json\/wp\/v2\/pages"}],"about":[{"href":"https:\/\/staging-sunrype.lassonde.net\/fr\/wp-json\/wp\/v2\/types\/page"}],"author":[{"embeddable":true,"href":"https:\/\/staging-sunrype.lassonde.net\/fr\/wp-json\/wp\/v2\/users\/9"}],"replies":[{"embeddable":true,"href":"https:\/\/staging-sunrype.lassonde.net\/fr\/wp-json\/wp\/v2\/comments?post=4414"}],"version-history":[{"count":26,"href":"https:\/\/staging-sunrype.lassonde.net\/fr\/wp-json\/wp\/v2\/pages\/4414\/revisions"}],"predecessor-version":[{"id":5871,"href":"https:\/\/staging-sunrype.lassonde.net\/fr\/wp-json\/wp\/v2\/pages\/4414\/revisions\/5871"}],"wp:attachment":[{"href":"https:\/\/staging-sunrype.lassonde.net\/fr\/wp-json\/wp\/v2\/media?parent=4414"}],"curies":[{"name":"wp","href":"https:\/\/api.w.org\/{rel}","templated":true}]}}