{"id":219,"date":"2022-06-27T17:01:31","date_gmt":"2022-06-27T21:01:31","guid":{"rendered":"https:\/\/sunrype.ca\/?page_id=219"},"modified":"2025-04-14T12:01:33","modified_gmt":"2025-04-14T16:01:33","slug":"notre-histoire","status":"publish","type":"page","link":"https:\/\/staging-sunrype.lassonde.net\/fr\/notre-histoire\/","title":{"rendered":"Notre histoire"},"content":{"rendered":"<section class=\"media-text-overlap-img theme-block alignfull  block-align-start\">\n  <div class=\"media-text-overlap-img__left-column\">\n          <div class=\"left-column__content\">\n        <h2><b>Racines profondes, branches fortes<\/b><\/h2>\n<p><span style=\"font-weight: 400\">En 1946, nous nous sommes lanc\u00e9s dans la cr\u00e9ation de produits sains et savoureux inspir\u00e9s des fruits de l&rsquo;Okanagan. Aujourd&rsquo;hui, nous demeurons tout aussi engag\u00e9s \u00e0 accomplir de grandes choses \u00e0 partir d&rsquo;ingr\u00e9dients tout simples dont des fruits et des l\u00e9gumes.<\/span><\/p>\n<p><span style=\"font-weight: 400\">Nous sommes une marque fi\u00e8rement canadienne, bas\u00e9e \u00e0 Kelowna, en Colombie-Britannique. Et nous ajoutons une touche ensoleill\u00e9e de l&rsquo;Okanagan dans tout ce que nous faisons, des produits que nous confectionnons aux initiatives et communaut\u00e9s que nous soutenons.<\/span><\/p>\n      <\/div>\n                  <img decoding=\"async\" class=\"left-column__overlap-img\" src=\"https:\/\/staging-sunrype.lassonde.net\/wp-content\/uploads\/2022\/06\/mures.png\" alt=\"\" title=\"\">\n      <\/div>\n  <div class=\"media-text-overlap-img__right-column\" style=\"background-image:url(https:\/\/staging-sunrype.lassonde.net\/wp-content\/uploads\/2022\/07\/Our-Story_Image-11.jpg)\"><\/div>\n<\/section>\n\n\n  <section class=\"columns-carousel-block theme-block alignfull style--no_background\">\n    <div class=\"columns-carousel-block__inner container\">\n              <h2 class=\"columns-carousel-block__title has-text-align-center\">75 ans d&#039;histoire<\/h2>\n                    <p class=\"has-large-font-size has-text-align-center\">Nous sommes une marque fi\u00e8rement canadienne qui, depuis plus de 75 ans, fabrique et commercialise une large gamme de jus et de collations.<\/p>\n            <div class=\"columns-carousel swiper\">\n        <div class=\"swiper-wrapper\">\n                      <div class=\"columns-carousel__item-wrapper swiper-slide\">\n              <div class=\"columns-carousel__item\">                                  <div class=\"columns-carousel__item__thumbnail-wrapper\">\n                    <div class=\"columns-carousel__item__thumbnail\" style=\"background-image: url(https:\/\/staging-sunrype.lassonde.net\/wp-content\/uploads\/2022\/07\/Our-Story_Image-1.jpg);\"><\/div>\n                  <\/div>\n                                <h3 class=\"columns-carousel__item__title heading-size-4\">1946<\/h3>\n                                  <div class=\"columns-carousel__item__text\"><p><span style=\"font-weight: 400\">En 1946, les producteurs de fruits de la Colombie-Britannique cr\u00e9ent la soci\u00e9t\u00e9 BC Fruit Processing Ltd. afin de tirer avantage des g\u00e9n\u00e9reux vergers de la C.-B. Leurs efforts ont men\u00e9 \u00e0 la production d&rsquo;un jus de pomme pur \u00e0 partir des fruits provenant directement du terroir local. Appel\u00e9 \u00abSunRype\u00bb, ce nouveau jus porte aussi le nom de <\/span><i><span style=\"font-weight: 400\">Blue Label<\/span><\/i><span style=\"font-weight: 400\"> en raison de son emballage bleu iconique.<\/span><\/p>\n<\/div>\n                              <\/div>            <\/div>\n                      <div class=\"columns-carousel__item-wrapper swiper-slide\">\n              <div class=\"columns-carousel__item\">                                  <div class=\"columns-carousel__item__thumbnail-wrapper\">\n                    <div class=\"columns-carousel__item__thumbnail\" style=\"background-image: url(https:\/\/staging-sunrype.lassonde.net\/wp-content\/uploads\/2022\/07\/Our-Story_Image-2.jpg);\"><\/div>\n                  <\/div>\n                                <h3 class=\"columns-carousel__item__title heading-size-4\">1959<\/h3>\n                                  <div class=\"columns-carousel__item__text\"><p><span style=\"font-weight: 400\">Depuis le lancement du jus de pomme pur SunRype dans les ann\u00e9es 1940, la marque SunRype s&rsquo;est fait de plus en plus conna\u00eetre \u00e0 travers l&rsquo;Ouest canadien. Fort d&rsquo;une r\u00e9putation de qualit\u00e9 autour de produits novateurs, BC Fruit Processing Ltd. d\u00e9cide de changer officiellement le nom de l&rsquo;entreprise pour SunRype Products Ltd.<\/span><\/p>\n<\/div>\n                              <\/div>            <\/div>\n                      <div class=\"columns-carousel__item-wrapper swiper-slide\">\n              <div class=\"columns-carousel__item\">                                  <div class=\"columns-carousel__item__thumbnail-wrapper\">\n                    <div class=\"columns-carousel__item__thumbnail\" style=\"background-image: url(https:\/\/staging-sunrype.lassonde.net\/wp-content\/uploads\/2022\/07\/Our-Story_Image-3.jpg);\"><\/div>\n                  <\/div>\n                                <h3 class=\"columns-carousel__item__title heading-size-4\">1963<\/h3>\n                                  <div class=\"columns-carousel__item__text\"><p><span style=\"font-weight: 400\">Pendant un certain temps, le jus de pomme pur SunRype \u00e9tait emball\u00e9 dans des cartons de lait Pur-Pak <\/span><span style=\"font-weight: 400\">et distribu\u00e9 de porte \u00e0 porte par les laitiers de Dairyland \u00e0 m\u00eame leurs itin\u00e9raires de livraison habituels. La livraison \u00e0 domicile du jus de pomme pur <\/span><i><span style=\"font-weight: 400\">Blue Label<\/span><\/i><span style=\"font-weight: 400\"> de SunRype constitue un moment historique m\u00e9morable pour de nombreux Canadiens de l&rsquo;Ouest.<\/span><\/p>\n<\/div>\n                              <\/div>            <\/div>\n                      <div class=\"columns-carousel__item-wrapper swiper-slide\">\n              <div class=\"columns-carousel__item\">                                  <div class=\"columns-carousel__item__thumbnail-wrapper\">\n                    <div class=\"columns-carousel__item__thumbnail\" style=\"background-image: url(https:\/\/staging-sunrype.lassonde.net\/wp-content\/uploads\/2022\/07\/Our-Story_Image-4.jpg);\"><\/div>\n                  <\/div>\n                                <h3 class=\"columns-carousel__item__title heading-size-4\">1979<\/h3>\n                                  <div class=\"columns-carousel__item__text\"><p><span style=\"font-weight: 400\">Suite \u00e0 la hausse du prix de son emballage, SunRype devait trouver une option moins co\u00fbteuse. C&rsquo;est ainsi que nous sommes pass\u00e9s des cartons de lait au Tetra Briks, une innovation su\u00e9doise. Bien que le Tetra Brick ait \u00e9volu\u00e9 au fil des ans, le jus de pomme pur de SunRype conserve ce type d&#8217;emballage aujourd&rsquo;hui encore.<\/span><\/p>\n<\/div>\n                              <\/div>            <\/div>\n                      <div class=\"columns-carousel__item-wrapper swiper-slide\">\n              <div class=\"columns-carousel__item\">                                  <div class=\"columns-carousel__item__thumbnail-wrapper\">\n                    <div class=\"columns-carousel__item__thumbnail\" style=\"background-image: url(https:\/\/staging-sunrype.lassonde.net\/wp-content\/uploads\/2022\/07\/Our-Story_Image-5-.jpg);\"><\/div>\n                  <\/div>\n                                <h3 class=\"columns-carousel__item__title heading-size-4\">1980<\/h3>\n                                  <div class=\"columns-carousel__item__text\"><p><span style=\"font-weight: 400\">Les fluctuations dans la r\u00e9colte de pommes d&rsquo;une ann\u00e9e \u00e0 l&rsquo;autre ont incit\u00e9 SunRype \u00e0 diversifier sa production et \u00e0 s&rsquo;\u00e9tendre au-del\u00e0 de ses racines dans la vall\u00e9e de l&rsquo;Okanagan. Un nouveau slogan \u00abGo\u00fbtez le soleil\u00bb <\/span><span style=\"font-weight: 400\">a \u00e9t\u00e9 lanc\u00e9, en 1985, pour c\u00e9l\u00e9brer la transition vers de nouvelles saveurs et cat\u00e9gories de fruits.<\/span><\/p>\n<\/div>\n                              <\/div>            <\/div>\n                      <div class=\"columns-carousel__item-wrapper swiper-slide\">\n              <div class=\"columns-carousel__item\">                                  <div class=\"columns-carousel__item__thumbnail-wrapper\">\n                    <div class=\"columns-carousel__item__thumbnail\" style=\"background-image: url(https:\/\/staging-sunrype.lassonde.net\/wp-content\/uploads\/2022\/07\/Our-Story_Image-6.jpg);\"><\/div>\n                  <\/div>\n                                <h3 class=\"columns-carousel__item__title heading-size-4\">1990<\/h3>\n                                  <div class=\"columns-carousel__item__text\"><p><span style=\"font-weight: 400\">SunRype saisit une opportunit\u00e9 de p\u00e9n\u00e9trer le march\u00e9 des collations saines et pratiques en achetant Okanagan Dried Fruits Ltd. \u00e0 Okanagan Falls, en Colombie-Britannique. Suit le lancement de notre barre de fruits \u00e0 100% Fruit to Go, qui demeure une marque bien aim\u00e9e des familles canadiennes.<\/span><\/p>\n<\/div>\n                              <\/div>            <\/div>\n                      <div class=\"columns-carousel__item-wrapper swiper-slide\">\n              <div class=\"columns-carousel__item\">                                  <div class=\"columns-carousel__item__thumbnail-wrapper\">\n                    <div class=\"columns-carousel__item__thumbnail\" style=\"background-image: url(https:\/\/staging-sunrype.lassonde.net\/wp-content\/uploads\/2022\/07\/Our-Story_Image-7.jpg);\"><\/div>\n                  <\/div>\n                                <h3 class=\"columns-carousel__item__title heading-size-4\">2000<\/h3>\n                                  <div class=\"columns-carousel__item__text\"><p><span style=\"font-weight: 400\">Au d\u00e9but des ann\u00e9es 2000, les parents ont du mal \u00e0 inclure suffisamment de fruits et de l\u00e9gumes au menu quotidien de leur famille. Il n&rsquo;en fallait pas plus pour que SunRype cr\u00e9e sa gamme <\/span><i><span style=\"font-weight: 400\">Fruit Plus, <\/span><\/i><span style=\"font-weight: 400\">qui fournit une portion compl\u00e8te de fruits et de l\u00e9gumes dans chaque verre. Additionn\u00e9e de vitamines et de min\u00e9raux essentiels, cette gamme de produits uniques et savoureux ne tarde pas \u00e0 s\u00e9duire les consommateurs. En 2004, SunRype poursuit cette lanc\u00e9e en cr\u00e9ant ses barres savoureuses et nutritives de fruits et l\u00e9gumes <\/span><i><span style=\"font-weight: 400\">Fruitsource<\/span><\/i><span style=\"font-weight: 400\"> et <\/span><i><span style=\"font-weight: 400\">Fruitsource Plus L\u00e9gumes<\/span><\/i><span style=\"font-weight: 400\">.<\/span><\/p>\n<\/div>\n                              <\/div>            <\/div>\n                      <div class=\"columns-carousel__item-wrapper swiper-slide\">\n              <div class=\"columns-carousel__item\">                                  <div class=\"columns-carousel__item__thumbnail-wrapper\">\n                    <div class=\"columns-carousel__item__thumbnail\" style=\"background-image: url(https:\/\/staging-sunrype.lassonde.net\/wp-content\/uploads\/2022\/07\/Our-Story_Image-8.jpg);\"><\/div>\n                  <\/div>\n                                <h3 class=\"columns-carousel__item__title heading-size-4\">2013<\/h3>\n                                  <div class=\"columns-carousel__item__text\"><p><span style=\"font-weight: 400\">SunRype Slim est lanc\u00e9 en 2013 afin de r\u00e9pondre aux consommateurs d\u00e9sireux de trouver de nouvelles options faibles en sucre. Vou\u00e9 \u00e0 un \u00e9quilibre parfait entre le bon go\u00fbt et une faible teneur en sucre et calories, Slim propose de d\u00e9licieux produits fruit\u00e9s, ne contenant que des ar\u00f4mes et des colorants naturels sans aspartame.<\/span><\/p>\n<\/div>\n                              <\/div>            <\/div>\n                      <div class=\"columns-carousel__item-wrapper swiper-slide\">\n              <div class=\"columns-carousel__item\">                                  <div class=\"columns-carousel__item__thumbnail-wrapper\">\n                    <div class=\"columns-carousel__item__thumbnail\" style=\"background-image: url(https:\/\/staging-sunrype.lassonde.net\/wp-content\/uploads\/2022\/07\/Our-Story_Image-9.jpg);\"><\/div>\n                  <\/div>\n                                <h3 class=\"columns-carousel__item__title heading-size-4\">2018<\/h3>\n                                  <div class=\"columns-carousel__item__text\"><p><span style=\"font-weight: 400\">Les consommateurs demeurant \u00e0 la recherche de collations nutritives, pratiques et savoureuses, SunRype r\u00e9pond \u00e0 l&rsquo;appel en lan\u00e7ant une toute nouvelle gamme de bouch\u00e9es \u00e0 base de noix de coco et de dattes appel\u00e9e <\/span><i><span style=\"font-weight: 400\">Good Bites.<\/span><\/i><span style=\"font-weight: 400\"> Celle-ci reste fid\u00e8le \u00e0 l&rsquo;engagement de SunRype d&rsquo;offrir des produits v\u00e9g\u00e9taliens, sans noix ni gluten. La gamme s&rsquo;est \u00e9largie depuis pour inclure des mini-bouch\u00e9es en sachets individuels, afin de faciliter le transport et le contr\u00f4le des portions.<\/span><\/p>\n<\/div>\n                              <\/div>            <\/div>\n                      <div class=\"columns-carousel__item-wrapper swiper-slide\">\n              <div class=\"columns-carousel__item\">                                  <div class=\"columns-carousel__item__thumbnail-wrapper\">\n                    <div class=\"columns-carousel__item__thumbnail\" style=\"background-image: url(https:\/\/staging-sunrype.lassonde.net\/wp-content\/uploads\/2022\/07\/Our-Story_Image-10.jpg);\"><\/div>\n                  <\/div>\n                                <h3 class=\"columns-carousel__item__title heading-size-4\">2020s<\/h3>\n                                  <div class=\"columns-carousel__item__text\"><p><span style=\"font-weight: 400\">\u00c0 ce jour, SunRype est fier d&rsquo;offrir une gamme sans cesse croissante de produits faits \u00e0 partir d&rsquo;ingr\u00e9dients sains et simples. Notre entreprise travaille sans rel\u00e2che pour garder l&rsquo;affection des familles qui, d&rsquo;hier \u00e0 aujourd&rsquo;hui, nous font confiance depuis plus de 75 ans.<\/span><\/p>\n<\/div>\n                              <\/div>            <\/div>\n                  <\/div>\n      <\/div>\n    <\/div>\n    <div class=\"columns-carousel__navigation\">\n      <div class=\"swiper-button-prev\"><\/div>\n      <div class=\"swiper-button-next\"><\/div>\n      <div class=\"swiper-pagination\"><\/div>\n    <\/div>\n  <\/section>\n  \n\n\n<h2 class=\"wp-block-heading has-text-align-center\">Notre communaut\u00e9<\/h2>\n\n\n\n<p class=\"has-text-align-center\">Notre entreprise brille le plus lorsqu&rsquo;elle a un impact positif sur le monde. L&rsquo;engagement communautaire nous permet de donner l&rsquo;exemple et d&rsquo;aider ceux qui en ont le plus besoin.<\/p>\n\n\n\n<figure class=\"wp-block-image alignwide size-large\"><img decoding=\"async\" width=\"1024\" height=\"527\" src=\"https:\/\/staging-sunrype.lassonde.net\/wp-content\/uploads\/2022\/06\/story-community-1024x527.jpg\" alt=\"\" class=\"wp-image-251\" title=\"\" srcset=\"https:\/\/staging-sunrype.lassonde.net\/wp-content\/uploads\/2022\/06\/story-community-1024x527.jpg 1024w, https:\/\/staging-sunrype.lassonde.net\/wp-content\/uploads\/2022\/06\/story-community-300x154.jpg 300w, https:\/\/staging-sunrype.lassonde.net\/wp-content\/uploads\/2022\/06\/story-community-768x395.jpg 768w, https:\/\/staging-sunrype.lassonde.net\/wp-content\/uploads\/2022\/06\/story-community.jpg 1360w\" sizes=\"(max-width: 1024px) 100vw, 1024px\" \/><\/figure>\n\n\n\n<h2 class=\"wp-block-heading has-text-align-center\"><strong>L&rsquo;avenir est plus radieux lorsque nous brillons tous ensemble<\/strong><\/h2>\n\n\n\n<p class=\"has-text-align-left has-large-font-size\"><strong>Organismes de bienfaisance que nous soutenons fi\u00e8rement:<\/strong><\/p>\n\n\n\n<ul class=\"wp-block-list\">\n<li>La marche Perc\u00e9e TD1<\/li>\n\n\n\n<li>S\u00e9rie de courses du Canada<\/li>\n\n\n\n<li>Association de baseball de l&rsquo;Ontario<\/li>\n\n\n\n<li>Vancouver Sun Run<\/li>\n\n\n\n<li>Demi-Marathon Mont Tremblant<\/li>\n\n\n\n<li>Apr\u00e8s la cloche \u2013 Banques alimentaires canada<\/li>\n\n\n\n<li>Jeux du Quebec<\/li>\n\n\n\n<li>Banque alimentaire de Central Okanagan<\/li>\n<\/ul>\n\n\n\n<p><strong>Des produits que nous offrons aux \u00e9v\u00e9nements o\u00f9 nous participons, en passant par les organismes de bienfaisance que nous appuyons \u00e0 l&rsquo;\u00e9chelle locale et nationale, nous voulons aider les communaut\u00e9s canadiennes \u00e0 mener une vie plus saine et plus active.<\/strong><\/p>\n","protected":false},"excerpt":{"rendered":"<p>Notre communaut\u00e9 Notre entreprise brille le plus lorsqu&rsquo;elle a un impact positif sur le monde. L&rsquo;engagement communautaire nous permet de donner l&rsquo;exemple et d&rsquo;aider ceux qui en ont le plus besoin. L&rsquo;avenir est plus radieux lorsque nous brillons tous ensemble Organismes de bienfaisance que nous soutenons fi\u00e8rement: Des produits que nous offrons aux \u00e9v\u00e9nements o\u00f9&hellip;<\/p>\n","protected":false},"author":9,"featured_media":0,"parent":0,"menu_order":0,"comment_status":"closed","ping_status":"closed","template":"","meta":{"_acf_changed":false,"_relevanssi_hide_post":"","_relevanssi_hide_content":"","_relevanssi_pin_for_all":"","_relevanssi_pin_keywords":"","_relevanssi_unpin_keywords":"","_relevanssi_related_keywords":"","_relevanssi_related_include_ids":"","_relevanssi_related_exclude_ids":"","_relevanssi_related_no_append":"","_relevanssi_related_not_related":"","_relevanssi_related_posts":"1","_relevanssi_noindex_reason":"","footnotes":""},"class_list":["post-219","page","type-page","status-publish","hentry"],"acf":[],"_links":{"self":[{"href":"https:\/\/staging-sunrype.lassonde.net\/fr\/wp-json\/wp\/v2\/pages\/219","targetHints":{"allow":["GET"]}}],"collection":[{"href":"https:\/\/staging-sunrype.lassonde.net\/fr\/wp-json\/wp\/v2\/pages"}],"about":[{"href":"https:\/\/staging-sunrype.lassonde.net\/fr\/wp-json\/wp\/v2\/types\/page"}],"author":[{"embeddable":true,"href":"https:\/\/staging-sunrype.lassonde.net\/fr\/wp-json\/wp\/v2\/users\/9"}],"replies":[{"embeddable":true,"href":"https:\/\/staging-sunrype.lassonde.net\/fr\/wp-json\/wp\/v2\/comments?post=219"}],"version-history":[{"count":90,"href":"https:\/\/staging-sunrype.lassonde.net\/fr\/wp-json\/wp\/v2\/pages\/219\/revisions"}],"predecessor-version":[{"id":6388,"href":"https:\/\/staging-sunrype.lassonde.net\/fr\/wp-json\/wp\/v2\/pages\/219\/revisions\/6388"}],"wp:attachment":[{"href":"https:\/\/staging-sunrype.lassonde.net\/fr\/wp-json\/wp\/v2\/media?parent=219"}],"curies":[{"name":"wp","href":"https:\/\/api.w.org\/{rel}","templated":true}]}}