{"id":110,"date":"2022-06-27T18:23:11","date_gmt":"2022-06-27T18:23:11","guid":{"rendered":"https:\/\/sunrype.ca\/?page_id=110"},"modified":"2024-11-06T14:30:47","modified_gmt":"2024-11-06T18:30:47","slug":"qualite-durabilite","status":"publish","type":"page","link":"https:\/\/staging-sunrype.lassonde.net\/fr\/qualite-durabilite\/","title":{"rendered":"Qualit\u00e9 &#038; durabilit\u00e9"},"content":{"rendered":"\n<h2 class=\"wp-block-heading has-text-align-center\"><strong>Une marque dont vous pouvez \u00eatre fiers<\/strong><\/h2>\n\n\n\n<p class=\"has-text-align-center has-large-font-size\">SunRype s&rsquo;engage \u00e0 fournir des produits \u00e0 la qualit\u00e9 et au go\u00fbt sup\u00e9rieurs, dont votre famille et vous pouvez \u00eatre fiers. Pour en savoir plus sur la fa\u00e7on dont SunRype Products Ltd. et Industries Lassonde Inc. s&rsquo;engagent \u00e0 jouer un r\u00f4le de chefs de file en mati\u00e8re de d\u00e9veloppement durable, cliquez sur le lien ci-dessous.<\/p>\n\n\n\n<div class=\"wp-block-buttons is-layout-flex wp-block-buttons-is-layout-flex\">\n<div class=\"wp-block-button aligncenter\"><a class=\"wp-block-button__link wp-element-button\" href=\"https:\/\/www.lassonde.com\/fr\/developpement-durable\/\" target=\"_blank\" rel=\"noopener\">En savoir plus<\/a><\/div>\n<\/div>\n\n\n\n<div class=\"wp-block-media-text alignwide is-stacked-on-mobile\"><figure class=\"wp-block-media-text__media\"><img decoding=\"async\" width=\"960\" height=\"960\" src=\"https:\/\/staging-sunrype.lassonde.net\/wp-content\/uploads\/2022\/07\/Quality-Sustainability_Paper-Straws.jpg\" alt=\"\" class=\"wp-image-977 size-full\" title=\"\" srcset=\"https:\/\/staging-sunrype.lassonde.net\/wp-content\/uploads\/2022\/07\/Quality-Sustainability_Paper-Straws.jpg 960w, https:\/\/staging-sunrype.lassonde.net\/wp-content\/uploads\/2022\/07\/Quality-Sustainability_Paper-Straws-300x300.jpg 300w, https:\/\/staging-sunrype.lassonde.net\/wp-content\/uploads\/2022\/07\/Quality-Sustainability_Paper-Straws-150x150.jpg 150w, https:\/\/staging-sunrype.lassonde.net\/wp-content\/uploads\/2022\/07\/Quality-Sustainability_Paper-Straws-768x768.jpg 768w\" sizes=\"(max-width: 960px) 100vw, 960px\" \/><\/figure><div class=\"wp-block-media-text__content\">\n<h2 class=\"wp-block-heading\"><strong>Adieu, pailles en plastique. Allo, pailles en papier.<\/strong><\/h2>\n\n\n\n<p>En juillet 2021, SunRype a fi\u00e8rement annonc\u00e9 le remplacement de ses pailles en plastique par des pailles pliables en papier \u00e0 m\u00eame toute la gamme de boissons en format individuel 200 mL, et ce, juste \u00e0 temps pour la rentr\u00e9e scolaire. Ces pailles pliables sont fabriqu\u00e9es \u00e0 partir de papier certifi\u00e9 FSC. La certification FSC (Forest Stewardship Council) est une norme mondiale en mati\u00e8re de gestion responsable et \u00e9quitable des for\u00eats. Les contenants Tetra Pak multicouches de 200 mL de SunRype sont recyclables, ce qui permet aux consommateurs de faire un choix plus durable et plus \u00e9cologique.<\/p>\n\n\n\n<p>Chez SunRype, nous avons comme priorit\u00e9 de rester \u00e0 la fine pointe de la recherche d\u2019innovations respectueuses de l&rsquo;environnement. Au-del\u00e0 du d\u00e9ploiement des nouvelles pailles en carton sur tous nos contenants de jus 200 mL, nous visons divers objectifs de d\u00e9veloppement durable, dont:<\/p>\n\n\n\n<ul class=\"wp-block-list\">\n<li>Int\u00e9grer 50% de contenu recycl\u00e9 dans nos emballages en PET (d\u2019ici 2025).<\/li>\n\n\n\n<li>Utiliser des emballages recyclables pour tous nos produits (d\u2019ici 2025).<\/li>\n\n\n\n<li>R\u00e9duire la quantit\u00e9 d&rsquo;eau utilis\u00e9e dans nos op\u00e9rations directes.<\/li>\n\n\n\n<li>R\u00e9duire les mati\u00e8res r\u00e9siduelles provenant de nos usines et envoy\u00e9es \u00e0 l\u2019enfouissement.<\/li>\n<\/ul>\n\n\n\n<div class=\"wp-block-buttons is-layout-flex wp-block-buttons-is-layout-flex\">\n<div class=\"wp-block-button\"><a class=\"wp-block-button__link wp-element-button\" href=\"https:\/\/www.lassonde.com\/fr\/communications\/sun-rype-annonce-quelle-utilisera-des-pailles-en-carton-recyclables\/\" target=\"_blank\" rel=\"noopener\">En savoir plus<\/a><\/div>\n<\/div>\n<\/div><\/div>\n\n\n\n<h2 class=\"wp-block-heading has-text-align-center\"><strong>Des bienfaits dehors comme dedans<\/strong><\/h2>\n\n\n\n<div class=\"wp-block-columns is-layout-flex wp-container-core-columns-is-layout-28f84493 wp-block-columns-is-layout-flex\">\n<div class=\"wp-block-column is-layout-flow wp-block-column-is-layout-flow\">\n<figure class=\"wp-block-image size-full\"><img decoding=\"async\" width=\"800\" height=\"800\" src=\"https:\/\/staging-sunrype.lassonde.net\/wp-content\/uploads\/2022\/07\/Quality-Sustainability_Image-1.jpg\" alt=\"\" class=\"wp-image-969\" title=\"\" srcset=\"https:\/\/staging-sunrype.lassonde.net\/wp-content\/uploads\/2022\/07\/Quality-Sustainability_Image-1.jpg 800w, https:\/\/staging-sunrype.lassonde.net\/wp-content\/uploads\/2022\/07\/Quality-Sustainability_Image-1-300x300.jpg 300w, https:\/\/staging-sunrype.lassonde.net\/wp-content\/uploads\/2022\/07\/Quality-Sustainability_Image-1-150x150.jpg 150w, https:\/\/staging-sunrype.lassonde.net\/wp-content\/uploads\/2022\/07\/Quality-Sustainability_Image-1-768x768.jpg 768w\" sizes=\"(max-width: 800px) 100vw, 800px\" \/><\/figure>\n\n\n\n<h4 class=\"wp-block-heading has-text-align-center\"><strong><strong>Vrais ingr\u00e9dients<\/strong><\/strong><\/h4>\n\n\n\n<p class=\"has-text-align-center\">Nous nous approvisionnons en ingr\u00e9dients de la plus haute qualit\u00e9 \u00e0 travers le monde entier. Ceci nous permet d&rsquo;offrir des saveurs comme la mangue, l&rsquo;ananas et la grenade qui ne sont pas cultiv\u00e9s au Canada, pour faire en sorte que vos boissons et collations SunRype pr\u00e9f\u00e9r\u00e9es soient disponibles \u00e0 l&rsquo;ann\u00e9e.<\/p>\n<\/div>\n\n\n\n<div class=\"wp-block-column is-layout-flow wp-block-column-is-layout-flow\">\n<figure class=\"wp-block-image size-full\"><img decoding=\"async\" width=\"800\" height=\"800\" src=\"https:\/\/staging-sunrype.lassonde.net\/wp-content\/uploads\/2022\/07\/Quality-Sustainability_Image-2.jpg\" alt=\"\" class=\"wp-image-971\" title=\"\" srcset=\"https:\/\/staging-sunrype.lassonde.net\/wp-content\/uploads\/2022\/07\/Quality-Sustainability_Image-2.jpg 800w, https:\/\/staging-sunrype.lassonde.net\/wp-content\/uploads\/2022\/07\/Quality-Sustainability_Image-2-300x300.jpg 300w, https:\/\/staging-sunrype.lassonde.net\/wp-content\/uploads\/2022\/07\/Quality-Sustainability_Image-2-150x150.jpg 150w, https:\/\/staging-sunrype.lassonde.net\/wp-content\/uploads\/2022\/07\/Quality-Sustainability_Image-2-768x768.jpg 768w\" sizes=\"(max-width: 800px) 100vw, 800px\" \/><\/figure>\n\n\n\n<h4 class=\"wp-block-heading has-text-align-center\"><strong><strong>Emballage durable<\/strong><\/strong><\/h4>\n\n\n\n<p class=\"has-text-align-center\">Nous reconnaissons l&rsquo;importance d&rsquo;adopter des pratiques durables pour le bien-\u00eatre de nos clients et de l&rsquo;environnement, et nous nous engageons \u00e0 trouver des solutions d&#8217;emballage qui soient meilleures pour notre plan\u00e8te..<\/p>\n<\/div>\n\n\n\n<div class=\"wp-block-column is-layout-flow wp-block-column-is-layout-flow\">\n<figure class=\"wp-block-image size-full\"><img decoding=\"async\" width=\"800\" height=\"800\" src=\"https:\/\/staging-sunrype.lassonde.net\/wp-content\/uploads\/2022\/07\/Quality-Sustainability_Image-3.jpg\" alt=\"\" class=\"wp-image-973\" title=\"\" srcset=\"https:\/\/staging-sunrype.lassonde.net\/wp-content\/uploads\/2022\/07\/Quality-Sustainability_Image-3.jpg 800w, https:\/\/staging-sunrype.lassonde.net\/wp-content\/uploads\/2022\/07\/Quality-Sustainability_Image-3-300x300.jpg 300w, https:\/\/staging-sunrype.lassonde.net\/wp-content\/uploads\/2022\/07\/Quality-Sustainability_Image-3-150x150.jpg 150w, https:\/\/staging-sunrype.lassonde.net\/wp-content\/uploads\/2022\/07\/Quality-Sustainability_Image-3-768x768.jpg 768w\" sizes=\"(max-width: 800px) 100vw, 800px\" \/><\/figure>\n\n\n\n<h4 class=\"wp-block-heading has-text-align-center\"><strong>Jus de pomme non concentr\u00e9<\/strong><\/h4>\n\n\n\n<p class=\"has-text-align-center\">Le jus de pomme non concentr\u00e9 SunRype Pure est notre jus de pomme signature, press\u00e9 \u00e0 partir de vraies pommes de qualit\u00e9 cultiv\u00e9es en Am\u00e9rique du Nord. Nos pommes viennent principalement de chez nous, dans la vall\u00e9e de l&rsquo;Okanagan en Colombie-Britannique.<\/p>\n<\/div>\n<\/div>\n\n\n\n<div class=\"wp-block-media-text alignwide is-stacked-on-mobile\"><figure class=\"wp-block-media-text__media\"><img decoding=\"async\" width=\"800\" height=\"864\" src=\"https:\/\/staging-sunrype.lassonde.net\/wp-content\/uploads\/2022\/07\/Quality-Sustainability_Image-4.jpg\" alt=\"\" class=\"wp-image-976 size-full\" title=\"\" srcset=\"https:\/\/staging-sunrype.lassonde.net\/wp-content\/uploads\/2022\/07\/Quality-Sustainability_Image-4.jpg 800w, https:\/\/staging-sunrype.lassonde.net\/wp-content\/uploads\/2022\/07\/Quality-Sustainability_Image-4-278x300.jpg 278w, https:\/\/staging-sunrype.lassonde.net\/wp-content\/uploads\/2022\/07\/Quality-Sustainability_Image-4-768x829.jpg 768w\" sizes=\"(max-width: 800px) 100vw, 800px\" \/><\/figure><div class=\"wp-block-media-text__content\">\n<h2 class=\"wp-block-heading\"><strong>Nos normes de qualit\u00e9 \u00e9lev\u00e9es<\/strong><\/h2>\n\n\n\n<p>La soci\u00e9t\u00e9 SunRype se conforme aux normes les plus \u00e9lev\u00e9es dans ses pratiques de fabrication et d\u2019assurance de qualit\u00e9. Nous respectons de fa\u00e7on rigoureuse toutes les lignes directrices \u00e9mises <strong>par Sant\u00e9 Canada et l\u2019Agence canadienne d\u2019inspection des aliments (ACIA).<\/strong><\/p>\n\n\n\n<p>En 2002, l\u2019implantation du programme d\u2019Analyse des dangers et de ma\u00eetrise des points critiques (HACCP) au sein de notre entreprise a \u00e9t\u00e9 <strong>approuv\u00e9e par l\u2019ACIA<\/strong>. Il s\u2019agit d\u2019un syst\u00e8me de gestion de l\u2019innocuit\u00e9 des aliments reconnu mondialement. SunRype doit ainsi se soumettre \u00e0 une v\u00e9rification p\u00e9riodique de l\u2019ACIA, qui s\u2019assure de la conformit\u00e9 \u00e0 tous les aspects du programme.<\/p>\n\n\n\n<p>SunRype a volontairement choisi d&rsquo;obtenir la <strong>reconnaissance HACCP<\/strong> afin de renforcer ses propres pratiques de s\u00e9curit\u00e9 alimentaire. C\u2019est la meilleure fa\u00e7on de s\u2019assurer que tous les produits portant le sceau SunRype r\u00e9pondent aux plus hautes &nbsp; normes de qualit\u00e9 et de s\u00e9curit\u00e9.<\/p>\n\n\n\n<p>Maintenant, SunRype \u00e9volue au sein d&rsquo;un syst\u00e8me de gestion de la s\u00e9curit\u00e9 alimentaire de classe mondiale appel\u00e9 SQF 2000. Le programme Safe Quality Food (SQF) est un programme de s\u00e9curit\u00e9 et de qualit\u00e9 des aliments rigoureux et fiable reconnu par les d\u00e9taillants, les d\u00e9tenteurs de marques et les fournisseurs de services alimentaires du monde entier. Reconnu par la Global Food Safety Initiative (GFSI), c\u2019est l&rsquo;un des rares programmes de s\u00e9curit\u00e9 alimentaire mondialement reconnus. Cette certification comprend le syst\u00e8me HACCP et de nombreux autres programmes de s\u00e9curit\u00e9 alimentaire.<\/p>\n\n\n\n<h2 class=\"wp-block-heading\"><strong>Nos fournisseurs certifi\u00e9s<\/strong><\/h2>\n\n\n\n<p>Les concentr\u00e9s et pur\u00e9es de jus SunRype proviennent uniquement de fournisseurs r\u00e9put\u00e9s, certifi\u00e9s et approuv\u00e9s par la GFSI. Toutes les mati\u00e8res premi\u00e8res achet\u00e9es par SunRype sont accompagn\u00e9es d&rsquo;un certificat d&rsquo;analyse pour nous assurer qu&rsquo;elles r\u00e9pondent \u00e0 nos sp\u00e9cifications. De plus, SunRype effectue des audits, des tests, des inspections, des analyses et des \u00e9valuations internes et externes de toutes les mati\u00e8res premi\u00e8res qui composent nos produits.<\/p>\n<\/div><\/div>\n","protected":false},"excerpt":{"rendered":"<p>Une marque dont vous pouvez \u00eatre fiers SunRype s&rsquo;engage \u00e0 fournir des produits \u00e0 la qualit\u00e9 et au go\u00fbt sup\u00e9rieurs, dont votre famille et vous pouvez \u00eatre fiers. Pour en savoir plus sur la fa\u00e7on dont SunRype Products Ltd. et Industries Lassonde Inc. s&rsquo;engagent \u00e0 jouer un r\u00f4le de chefs de file en mati\u00e8re de&hellip;<\/p>\n","protected":false},"author":9,"featured_media":0,"parent":0,"menu_order":0,"comment_status":"closed","ping_status":"closed","template":"","meta":{"_acf_changed":false,"_relevanssi_hide_post":"","_relevanssi_hide_content":"","_relevanssi_pin_for_all":"","_relevanssi_pin_keywords":"","_relevanssi_unpin_keywords":"","_relevanssi_related_keywords":"","_relevanssi_related_include_ids":"","_relevanssi_related_exclude_ids":"","_relevanssi_related_no_append":"","_relevanssi_related_not_related":"","_relevanssi_related_posts":"1","_relevanssi_noindex_reason":"","footnotes":""},"class_list":["post-110","page","type-page","status-publish","hentry"],"acf":[],"_links":{"self":[{"href":"https:\/\/staging-sunrype.lassonde.net\/fr\/wp-json\/wp\/v2\/pages\/110","targetHints":{"allow":["GET"]}}],"collection":[{"href":"https:\/\/staging-sunrype.lassonde.net\/fr\/wp-json\/wp\/v2\/pages"}],"about":[{"href":"https:\/\/staging-sunrype.lassonde.net\/fr\/wp-json\/wp\/v2\/types\/page"}],"author":[{"embeddable":true,"href":"https:\/\/staging-sunrype.lassonde.net\/fr\/wp-json\/wp\/v2\/users\/9"}],"replies":[{"embeddable":true,"href":"https:\/\/staging-sunrype.lassonde.net\/fr\/wp-json\/wp\/v2\/comments?post=110"}],"version-history":[{"count":18,"href":"https:\/\/staging-sunrype.lassonde.net\/fr\/wp-json\/wp\/v2\/pages\/110\/revisions"}],"predecessor-version":[{"id":5888,"href":"https:\/\/staging-sunrype.lassonde.net\/fr\/wp-json\/wp\/v2\/pages\/110\/revisions\/5888"}],"wp:attachment":[{"href":"https:\/\/staging-sunrype.lassonde.net\/fr\/wp-json\/wp\/v2\/media?parent=110"}],"curies":[{"name":"wp","href":"https:\/\/api.w.org\/{rel}","templated":true}]}}